{"id":30013,"date":"2024-09-25T14:47:58","date_gmt":"2024-09-25T12:47:58","guid":{"rendered":"https:\/\/plsn.eu\/programm-2021-2027\/program-interreg-pl-sn-2014-2020\/"},"modified":"2025-10-03T11:24:08","modified_gmt":"2025-10-03T09:24:08","slug":"program-interreg-pl-sn-2014-2020","status":"publish","type":"page","link":"https:\/\/plsn.eu\/de\/programm-2021-2027\/program-interreg-pl-sn-2014-2020\/","title":{"rendered":"Program Interreg PL-SN 2014 &#8211; 2020"},"content":{"rendered":"\n<div class=\"wp-block-columns is-layout-flex wp-container-core-columns-is-layout-9d6595d7 wp-block-columns-is-layout-flex\">\n<div class=\"wp-block-column is-layout-flow wp-block-column-is-layout-flow\" style=\"flex-basis:66.66%\">\n<p><\/p>\n\n\n\n<p><strong>PUBLIKATION&nbsp;&nbsp;&#8222;Wir halten zusammen! Projekte der s\u00e4chsisch-polnischen Grenzregion&#8220;<\/strong><\/p>\n\n\n\n<p>Hier pr\u00e4sentieren wir Ihnen unsere&nbsp;zweisprachige Publikation des Kooperationsprogramms INTERREG Polen-Sachsen 2014-2020&nbsp;<a href=\"https:\/\/de.plsn.eu\/-\/-wir-halten-zusammen-projekte-der-sachsisch-polnischen-grenzregion-neueste-publikation\"><strong>&#8222;Wir halten zusammen! Projekte der s\u00e4chsisch-polnischen Grenzregion&#8220;<\/strong><\/a>. Das&nbsp;Album enth\u00e4lt ausf\u00fchrliche Informationen und Fotos zu&nbsp;allen Projekten, die im Rahmen des Programms umgesetzt werden oder bereits abgeschlossen sind. Es legte uns sehr daran, vor allem die Resultate der Vorhaben darzustellen. Im Album finden Sie auch eine Chronik der wichtigsten Ereignisse aus dem Leben des Programms, die Karte des F\u00f6rdegebiets sowie warme Gru\u00dfworte der Vertreter der Verwaltungsbeh\u00f6rde und der Nationalen Beh\u00f6rde.&nbsp;&nbsp;&nbsp;<\/p>\n\n\n\n<h3 class=\"wp-block-heading\">Album zum Herunterladen:<\/h3>\n\n\n<div class=\"real3dflipbook\" id=\"1_69f215b761b06\" style=\"position:absolute;\"><\/div>\n<\/div>\n\n\n\n<div class=\"wp-block-column is-layout-flow wp-block-column-is-layout-flow\" style=\"flex-basis:33.33%\">\n<div class=\"wp-block-group block-info-icon-text--aside\"><div class=\"wp-block-group__inner-container is-layout-constrained wp-block-group-is-layout-constrained\">\n<figure class=\"wp-block-image size-large\"><img loading=\"lazy\" decoding=\"async\" width=\"43\" height=\"49\" src=\"https:\/\/plsn.eu\/wp-content\/uploads\/2024\/11\/bulb-red.svg\" alt=\"\" class=\"wp-image-28463\"\/><\/figure>\n\n\n\n<p>Im Programm Interreg PL-SN 2014-2020 haben unsere Beg\u00fcnstigten insgesamt 62 Projekte umgesetzt. Die Projekte betrafen das gemeinsame Kultur- und Naturerbe, regionale Mobilit\u00e4t, Bildung und Zusammenarbeit. Die Projekte haben zur Entwicklung der polnisch-s\u00e4chsischen Grenzregion und zur St\u00e4rkung der Bindungen zwischen ihren Bewohnern beigetragen. Vielen Dank!<\/p>\n<\/div><\/div>\n<\/div>\n<\/div>\n\n\n\n<p>Mehr Informationen \u00fcber umgesetzte Projekte finden Sie auch <a href=\"https:\/\/plsn.eu\/de\/unsere-projekte\/2014-2020\/\">hier<\/a><\/p>\n\n\n\n<p>KP Interreg Polen-Sachsen 2014-2020 Zusammenfassung <a href=\"https:\/\/plsn.eu\/wp-content\/uploads\/2025\/10\/KP-PLSN-2014-2020-Zusammenfassung.pdf\">hier<\/a><\/p>\n\n\n<div id=\"subpages-block_58f529832e1fe18bb34fba62b978fd69\"\r\n  class=\"subpages-block \">\r\n  <!-- subpage -->\r\n\r\n  \r\n\r\n    <div class=\"py-4 py-lg-5  overflow-hidden\">\r\n      <div class=\"  d-flex justify-content-between align-items-start\">\r\n        <header class=\"title__border-bottom--orange2  mb-70px\">\r\n          <h2 class=\"title-h3 \" tabindex=\"0\" aria-label=\"Siehe andere\">Siehe andere<\/h2>\r\n        <\/header>\r\n        <div class=\"swiper-navigation\">\r\n          <div class=\"swiper-button-prev swiper-poznaj-programy-prev\"> <\/div>\r\n          <div class=\"swiper-button-next swiper-poznaj-programy-next\"> <\/div>\r\n        <\/div>\r\n      <\/div>\r\n\r\n\r\n      <div class=\" \">\r\n        <div class=\"swiper swiper-transparent-edge-slides poradniki-lista-swiper poradniki-swiper__poznaj-programy\">\r\n          <div class=\"swiper-wrapper align-items-stretch\">\r\n\r\n                        <div class=\"swiper-slide news-list-wrapper__list__item\">\r\n\r\n              <a href=\"https:\/\/plsn.eu\/de\/programm-2021-2027\/hauptgrundsatze-des-kooperationsprogramms\/\" class=\"w-100\">\r\n                <div class=\"card w-100 h-100 poradniki-lista__card \">\r\n                  <div class=\"card-img-top\">\r\n                    <img decoding=\"async\" src=\"https:\/\/plsn.eu\/wp-content\/uploads\/2024\/09\/1-633x406.png\" alt=\"Hauptgrunds\u00e4tze des Kooperationsprogramms\" \/>\r\n                  <\/div>\r\n\r\n                  <div class=\"card-body\">\r\n                    <h3 class=\"cardTitlePlc1\">Hauptgrunds\u00e4tze des Kooperationsprogramms<\/h3>\r\n                  <\/div>\r\n                <\/div>\r\n              <\/a>\r\n            <\/div>\r\n                        <div class=\"swiper-slide news-list-wrapper__list__item\">\r\n\r\n              <a href=\"https:\/\/plsn.eu\/de\/programm-2021-2027\/programmbehorden\/\" class=\"w-100\">\r\n                <div class=\"card w-100 h-100 poradniki-lista__card \">\r\n                  <div class=\"card-img-top\">\r\n                    <img decoding=\"async\" src=\"https:\/\/plsn.eu\/wp-content\/uploads\/2024\/12\/education-295185_1280-3-633x406.png\" alt=\"Programmbeh\u00f6rden\" \/>\r\n                  <\/div>\r\n\r\n                  <div class=\"card-body\">\r\n                    <h3 class=\"cardTitlePlc1\">Programmbeh\u00f6rden<\/h3>\r\n                  <\/div>\r\n                <\/div>\r\n              <\/a>\r\n            <\/div>\r\n                        <div class=\"swiper-slide news-list-wrapper__list__item\">\r\n\r\n              <a href=\"https:\/\/plsn.eu\/de\/programm-2021-2027\/kleinprojektefonds\/\" class=\"w-100\">\r\n                <div class=\"card w-100 h-100 poradniki-lista__card \">\r\n                  <div class=\"card-img-top\">\r\n                    <img decoding=\"async\" src=\"https:\/\/plsn.eu\/wp-content\/uploads\/2025\/09\/FMP_zdjecie-bardzo-ladne-633x406.jpg\" alt=\"Kleinprojektefonds\" \/>\r\n                  <\/div>\r\n\r\n                  <div class=\"card-body\">\r\n                    <h3 class=\"cardTitlePlc1\">Kleinprojektefonds<\/h3>\r\n                  <\/div>\r\n                <\/div>\r\n              <\/a>\r\n            <\/div>\r\n            \r\n          <\/div>\r\n\r\n        <\/div>\r\n      <\/div>\r\n    <\/div>\r\n\r\n\r\n\r\n    <div class=\"height_70\"><\/div>\r\n\r\n\r\n    \r\n  <!-- \/subpage -->\r\n<\/div>\r\n\r\n","protected":false},"excerpt":{"rendered":"<p>PUBLIKATION&nbsp;&nbsp;&#8222;Wir halten zusammen! Projekte der s\u00e4chsisch-polnischen Grenzregion&#8220; Hier pr\u00e4sentieren wir Ihnen unsere&nbsp;zweisprachige Publikation des Kooperationsprogramms INTERREG Polen-Sachsen 2014-2020&nbsp;&#8222;Wir halten zusammen! Projekte der s\u00e4chsisch-polnischen Grenzregion&#8220;. Das&nbsp;Album enth\u00e4lt ausf\u00fchrliche Informationen und Fotos zu&nbsp;allen Projekten, die im Rahmen des Programms umgesetzt werden oder bereits abgeschlossen sind. Es legte uns sehr daran, vor allem die Resultate der Vorhaben darzustellen. [&hellip;]<\/p>\n","protected":false},"author":1,"featured_media":31927,"parent":29927,"menu_order":4,"comment_status":"closed","ping_status":"closed","template":"","meta":{"_acf_changed":false,"inline_featured_image":false,"_themeisle_gutenberg_block_has_review":false,"footnotes":"","_links_to":"","_links_to_target":""},"class_list":["post-30013","page","type-page","status-publish","has-post-thumbnail","hentry"],"acf":[],"_links":{"self":[{"href":"https:\/\/plsn.eu\/de\/wp-json\/wp\/v2\/pages\/30013","targetHints":{"allow":["GET"]}}],"collection":[{"href":"https:\/\/plsn.eu\/de\/wp-json\/wp\/v2\/pages"}],"about":[{"href":"https:\/\/plsn.eu\/de\/wp-json\/wp\/v2\/types\/page"}],"author":[{"embeddable":true,"href":"https:\/\/plsn.eu\/de\/wp-json\/wp\/v2\/users\/1"}],"replies":[{"embeddable":true,"href":"https:\/\/plsn.eu\/de\/wp-json\/wp\/v2\/comments?post=30013"}],"version-history":[{"count":10,"href":"https:\/\/plsn.eu\/de\/wp-json\/wp\/v2\/pages\/30013\/revisions"}],"predecessor-version":[{"id":37844,"href":"https:\/\/plsn.eu\/de\/wp-json\/wp\/v2\/pages\/30013\/revisions\/37844"}],"up":[{"embeddable":true,"href":"https:\/\/plsn.eu\/de\/wp-json\/wp\/v2\/pages\/29927"}],"wp:featuredmedia":[{"embeddable":true,"href":"https:\/\/plsn.eu\/de\/wp-json\/wp\/v2\/media\/31927"}],"wp:attachment":[{"href":"https:\/\/plsn.eu\/de\/wp-json\/wp\/v2\/media?parent=30013"}],"curies":[{"name":"wp","href":"https:\/\/api.w.org\/{rel}","templated":true}]}}