{"id":30818,"date":"2024-09-25T14:46:59","date_gmt":"2024-09-25T12:46:59","guid":{"rendered":"https:\/\/plsn.eu\/raporty\/"},"modified":"2025-02-21T08:40:45","modified_gmt":"2025-02-21T07:40:45","slug":"berichte","status":"publish","type":"page","link":"https:\/\/plsn.eu\/de\/berichte\/","title":{"rendered":"Programmberichte"},"content":{"rendered":"\r\n<div class=\"\">\r\n\r\n  <form method=\"get\" action=\"https:\/\/plsn.eu\/de\/berichte\/\">\r\n    <fieldset>\r\n\r\n      <input name=\"wpnonce\" type=\"hidden\" value=\"a38553d3c7\">\r\n\r\n      <input name=\"sortorder\" id=\"sortorder\" type=\"hidden\" value=\"desc\">\r\n\r\n      <div class=\"mb-3\" id=\"raporty-filtry\">\r\n\r\n        <ul class=\"d-flex flex-row flex-wrap list-unstyled mb-0 align-items-center\">\r\n                              <li class=\"p-1\">\r\n            <span class=\"visually-hidden\">Wyfiltruj<\/span>\r\n            <label>\r\n              <div\r\n                class=\"feux-label-tag__blue-eu \">\r\n\r\n                Evaluierung                <input name=\"cat_ria\" type=\"checkbox\" class=\"naboryChkBox\"\r\n                  value=\"1755\"\r\n                  >\r\n\r\n\r\n              <\/div>\r\n            <\/label>\r\n            <span class=\"visually-hidden\">w\u015br\u00f3d dokument\u00f3w<\/span>\r\n\r\n          <\/li>\r\n                    <li class=\"p-1\">\r\n            <span class=\"visually-hidden\">Wyfiltruj<\/span>\r\n            <label>\r\n              <div\r\n                class=\"feux-label-tag__blue-eu \">\r\n\r\n                Viertelj\u00e4hrliche Berichte                <input name=\"cat_ria\" type=\"checkbox\" class=\"naboryChkBox\"\r\n                  value=\"1756\"\r\n                  >\r\n\r\n\r\n              <\/div>\r\n            <\/label>\r\n            <span class=\"visually-hidden\">w\u015br\u00f3d dokument\u00f3w<\/span>\r\n\r\n          <\/li>\r\n                    <li class=\"p-1\">\r\n            <span class=\"visually-hidden\">Wyfiltruj<\/span>\r\n            <label>\r\n              <div\r\n                class=\"feux-label-tag__blue-eu \">\r\n\r\n                Sonstige                <input name=\"cat_ria\" type=\"checkbox\" class=\"naboryChkBox\"\r\n                  value=\"1928\"\r\n                  >\r\n\r\n\r\n              <\/div>\r\n            <\/label>\r\n            <span class=\"visually-hidden\">w\u015br\u00f3d dokument\u00f3w<\/span>\r\n\r\n          <\/li>\r\n                    <li class=\"p-1\">\r\n            <span class=\"visually-hidden\">Wyfiltruj<\/span>\r\n            <label>\r\n              <div\r\n                class=\"feux-label-tag__blue-eu \">\r\n\r\n                KP Interreg PL-SN 2014-2020                <input name=\"cat_ria\" type=\"checkbox\" class=\"naboryChkBox\"\r\n                  value=\"2043\"\r\n                  >\r\n\r\n\r\n              <\/div>\r\n            <\/label>\r\n            <span class=\"visually-hidden\">w\u015br\u00f3d dokument\u00f3w<\/span>\r\n\r\n          <\/li>\r\n          \r\n          \r\n                    <li class=\"ml-15px d-none d-lg-block order-lg-4\">\r\n            <a class=\"rpo__header-cta\" href=\"https:\/\/plsn.eu\/de\/downloads\/\">\r\n\r\n              Downloads              <svg width=\"10\" height=\"18\" viewBox=\"0 0 10 18\" fill=\"none\" xmlns=\"http:\/\/www.w3.org\/2000\/svg\">\r\n                <path d=\"M1 1.5L8.5 9L1 16.5\" stroke=\"#003399\" stroke-width=\"2\" stroke-linecap=\"round\"\r\n                  stroke-linejoin=\"round\"><\/path>\r\n              <\/svg>\r\n            <\/a>\r\n          <\/li>\r\n                              <li class=\"ml-15px d-none d-lg-block order-lg-5\">\r\n            <a class=\"rpo__header-cta\" href=\"https:\/\/plsn.eu\/de\/schulungsmaterialien\/\">\r\n              Schulungsmaterialien              <svg width=\"10\" height=\"18\" viewBox=\"0 0 10 18\" fill=\"none\" xmlns=\"http:\/\/www.w3.org\/2000\/svg\">\r\n                <path d=\"M1 1.5L8.5 9L1 16.5\" stroke=\"#003399\" stroke-width=\"2\" stroke-linecap=\"round\"\r\n                  stroke-linejoin=\"round\"><\/path>\r\n              <\/svg>\r\n            <\/a>\r\n          <\/li>\r\n                              <li class=\"d-lg-none order-4 more-dropdown-mobile\">\r\n            <div class=\"dropdown\">\r\n              <button class=\"feux-filtry__dropdown-btn\" type=\"button\" id=\"moreTags\" data-bs-toggle=\"dropdown\"\r\n                data-bs-auto-close=\"false\" aria-expanded=\"false\">\r\n                <span class=\"visually-hidden\">Filtruj wed\u0142ug<\/span>\r\n                wi\u0119cej                <svg width=\"10\" height=\"7\" viewBox=\"0 0 10 7\" fill=\"none\" xmlns=\"http:\/\/www.w3.org\/2000\/svg\">\r\n                  <path fill-rule=\"evenodd\" clip-rule=\"evenodd\"\r\n                    d=\"M9.53033 0.96967C9.82322 1.26256 9.82322 1.73744 9.53033 2.03033L5.53033 6.03033C5.23744 6.32322 4.76256 6.32322 4.46967 6.03033L0.46967 2.03033C0.176777 1.73744 0.176777 1.26256 0.46967 0.96967C0.762563 0.676777 1.23744 0.676777 1.53033 0.96967L5 4.43934L8.46967 0.96967C8.76256 0.676777 9.23744 0.676777 9.53033 0.96967Z\"\r\n                    fill=\"#1B1B1B\" \/>\r\n                <\/svg>\r\n              <\/button>\r\n              <div class=\"dropdown-menu p-0 reports-tags-mobile-wrapper\" aria-labelledby=\"moreTags\">\r\n                <div class=\"dropdown-menu__header\">\r\n                <\/div>\r\n                <div class=\"dropdown-menu__body\">\r\n\r\n                  <ul class=\"list-unstyled d-flex flex-column\">\r\n                                        <li>\r\n                      <a class=\"rpo__header-cta\" href=\"https:\/\/plsn.eu\/de\/downloads\/\">\r\n                        Downloads                        <svg width=\"10\" height=\"18\" viewBox=\"0 0 10 18\" fill=\"none\" xmlns=\"http:\/\/www.w3.org\/2000\/svg\">\r\n                          <path d=\"M1 1.5L8.5 9L1 16.5\" stroke=\"#003399\" stroke-width=\"2\" stroke-linecap=\"round\"\r\n                            stroke-linejoin=\"round\" \/>\r\n                        <\/svg>\r\n                      <\/a>\r\n                    <\/li>\r\n                    \r\n                                        <li>\r\n                      <a class=\"rpo__header-cta\" href=\"https:\/\/plsn.eu\/de\/schulungsmaterialien\/\">\r\n                        Schulungsmaterialien                        <svg width=\"10\" height=\"18\" viewBox=\"0 0 10 18\" fill=\"none\" xmlns=\"http:\/\/www.w3.org\/2000\/svg\">\r\n                          <path d=\"M1 1.5L8.5 9L1 16.5\" stroke=\"#003399\" stroke-width=\"2\" stroke-linecap=\"round\"\r\n                            stroke-linejoin=\"round\" \/>\r\n                        <\/svg>\r\n                      <\/a>\r\n                    <\/li>\r\n                                      <\/ul>\r\n                <\/div>\r\n                <div class=\"dropdown-menu__footer\">\r\n                  <button type=\"button\" class=\"feux-btn-primary border-0 w-100\" data-bs-toggle=\"dropdown\"\r\n                    data-bs-auto-close=\"true\">\r\n                    Anwenden                    <span class=\"visually-hidden\">Wybrane filtry<\/span>\r\n                  <\/button>\r\n                <\/div>\r\n              <\/div>\r\n            <\/div>\r\n          <\/li>\r\n                  <\/ul>\r\n      <\/div>\r\n\r\n\r\n      <div class=\"raporty-search-form\">\r\n        <div class=\"feux-md-background-gray-12 mb-30px\">\r\n          <div class=\"container-sm py-2 px-2 py-lg-0 g-0\">\r\n            <ul class=\"ps-0 d-lg-flex w-100 flex-lg-wrap\">\r\n\r\n              <li class=\"feux-filtry__item \">\r\n                <div class=\"dropdown\">\r\n                  <button class=\"feux-filtry__dropdown-btn\" type=\"button\" id=\"search\" data-bs-toggle=\"dropdown\"\r\n                    data-bs-auto-close=\"false\" aria-expanded=\"false\">\r\n                    <svg width=\"18\" height=\"18\" viewBox=\"0 0 26 26\" fill=\"none\" xmlns=\"http:\/\/www.w3.org\/2000\/svg\">\r\n                      <path fill-rule=\"evenodd\" clip-rule=\"evenodd\"\r\n                        d=\"M15.5842 16.7328C12.713 19.0324 8.51033 18.8514 5.84881 16.1899C2.9931 13.3342 2.9931 8.70415 5.84881 5.84845C8.70452 2.99274 13.3345 2.99274 16.1903 5.84845C18.8518 8.50996 19.0328 12.7127 16.7332 15.5838L22.3185 21.1691C22.6358 21.4864 22.6358 22.0008 22.3185 22.3181C22.0012 22.6354 21.4867 22.6354 21.1694 22.3181L15.5842 16.7328ZM6.99786 15.0408C4.77675 12.8197 4.77675 9.2186 6.99786 6.99749C9.21897 4.77639 12.8201 4.77639 15.0412 6.99749C17.2607 9.21697 17.2623 12.8144 15.0461 15.0359C15.0444 15.0376 15.0428 15.0392 15.0412 15.0408C15.0396 15.0424 15.0379 15.0441 15.0363 15.0457C12.8148 17.2619 9.21734 17.2603 6.99786 15.0408Z\"\r\n                        fill=\"#1B1B1B\" \/>\r\n                    <\/svg>\r\n                    <span class=\"visually-hidden\">Suche im Inhalt<\/span>\r\n                  <\/button>\r\n                  <div class=\"dropdown-menu p-0 feux-dropdown__menu--filtry\" aria-labelledby=\"search\">\r\n                    <div class=\"dropdown-menu__header\">\r\n                      <div class=\"clearfix\">\r\n                        <p class=\"float-start pt-1 text-bold text-c-darkgray text-16px mb-0\">\r\n                          Suche im Inhalt<\/p>\r\n\r\n                        <button type=\"button\" class=\"float-end feux-btn-link--darkgray feux-btn-link--close-icon btn-sm\"\r\n                          data-close-dropdown=\"search\">\r\n                          Schlie\u00dfen                          <span class=\"visually-hidden\">list\u0119 filtr\u00f3w<\/span>\r\n                        <\/button>\r\n                      <\/div>\r\n\r\n                      <div class=\"mt-20px\">\r\n                        <div class=\"feux-form__icon--search\">\r\n                          <input name=\"searchkey\" type=\"text\" class=\"form-control-lg feux-form__input--blue-10\"\r\n                            id=\"search1\" placeholder=\"Suchen\"\r\n                            value=\"\"\r\n                            oninput=\"dropdownSearchOnInput(event)\" \/>\r\n                          <button id=\"clearsearch1\" type=\"button\"\r\n                            class=\"btn-link-clear feux-btn-link__center-svg w-24px h-24px d-none\"\r\n                            data-clear-input=\"search1\" onclick=\"clearInput(event)\">\r\n                            <span>\r\n                              <svg width=\"9\" height=\"9\" viewBox=\"0 0 9 9\" fill=\"none\"\r\n                                xmlns=\"http:\/\/www.w3.org\/2000\/svg\">\r\n                                <path\r\n                                  d=\"M7.12971 8.05772C7.38599 8.314 7.80151 8.314 8.05779 8.05772C8.31407 7.80144 8.31407 7.38592 8.05779 7.12964L5.42824 4.50009L8.05779 1.87054C8.31407 1.61426 8.31407 1.19875 8.05779 0.942463C7.80151 0.686182 7.38599 0.686182 7.12971 0.942463L4.50016 3.57201L1.8706 0.942455C1.61432 0.686174 1.19881 0.686173 0.942527 0.942455C0.686245 1.19874 0.686245 1.61425 0.942527 1.87053L3.57208 4.50009L0.942526 7.12965C0.686244 7.38593 0.686244 7.80144 0.942526 8.05772C1.19881 8.31401 1.61432 8.31401 1.8706 8.05773L4.50016 5.42817L7.12971 8.05772Z\"\r\n                                  fill=\"black\" \/>\r\n                              <\/svg>\r\n                            <\/span>\r\n                            <span class=\"visually-hidden\">Wyczy\u015b\u0107<\/span>\r\n                          <\/button>\r\n                          <label for=\"search1\" class=\"d-none\">Suchen<\/label>\r\n                        <\/div>\r\n                      <\/div>\r\n                    <\/div>\r\n                    <div class=\"dropdown-menu__footer\">\r\n                      <button type=\"submit\" class=\"searchBtn feux-btn-primary border-0 w-100\">\r\n                        Anwenden                        <span class=\"visually-hidden\">Wybrane filtry<\/span>\r\n                      <\/button>\r\n                    <\/div>\r\n                  <\/div>\r\n                <\/div>\r\n              <\/li>\r\n              <li class=\"d-inline-flex align-items-center ms-lg-auto me-lg-0 filters-sorting\">\r\n                <span class=\"text-14px text-c-darkgray text-lightfont-2\">\r\n                  sortieren nach: <\/span>\r\n                <div class=\"dropdown feux-dropdown__sortowanie\">\r\n                  <button class=\"feux-filtry__dropdown-btn\" type=\"button\" id=\"sortowanie1\" data-bs-toggle=\"dropdown\"\r\n                    data-bs-auto-close=\"true\" aria-expanded=\"false\">\r\n                    <span class=\"visually-hidden\">Aktualnie sortujesz wed\u0142ug<\/span>\r\n\r\n                    <span id=\"sortselected\">\r\n                      vom Neuesten                    <\/span>\r\n\r\n                    <svg width=\"10\" height=\"7\" viewBox=\"0 0 10 7\" fill=\"none\" xmlns=\"http:\/\/www.w3.org\/2000\/svg\">\r\n                      <path fill-rule=\"evenodd\" clip-rule=\"evenodd\"\r\n                        d=\"M9.53033 0.96967C9.82322 1.26256 9.82322 1.73744 9.53033 2.03033L5.53033 6.03033C5.23744 6.32322 4.76256 6.32322 4.46967 6.03033L0.46967 2.03033C0.176777 1.73744 0.176777 1.26256 0.46967 0.96967C0.762563 0.676777 1.23744 0.676777 1.53033 0.96967L5 4.43934L8.46967 0.96967C8.76256 0.676777 9.23744 0.676777 9.53033 0.96967Z\"\r\n                        fill=\"#1B1B1B\" \/>\r\n                    <\/svg>\r\n                  <\/button>\r\n                  <div class=\"dropdown-menu dropdown-menu-end\" aria-labelledby=\"sortowanie1\">\r\n                    <a class=\"dropdown-item text-14px sortcls\" href=\"javascript:void(0);\" data-sort=\"desc\">\r\n                      <span class=\"visually-hidden\">sortuj wed\u0142ug<\/span>\r\n                      vom Neuesten                    <\/a>\r\n                    <a class=\"dropdown-item text-14px sortcls\" href=\"javascript:void(0);\" data-sort=\"asc\">\r\n                      <span class=\"visually-hidden\">sortuj wed\u0142ug<\/span>\r\n                      vom \u00c4ltesten                    <\/a>\r\n                  <\/div>\r\n                <\/div>\r\n              <\/li>\r\n\r\n            <\/ul>\r\n          <\/div>\r\n        <\/div>\r\n      <\/div>\r\n    <\/fieldset>\r\n  <\/form>\r\n\r\n\r\n\r\n  \r\n  <div class=\"\" id=\"raporty-lista\">\r\n\r\n    <div class=\"reports-list-wrapper\">\r\n\r\n      <ul class=\"reports-list row list-unstyled mb-0\">\r\n\r\n                <li class=\"reports-list__item w-100 main_sec\">\r\n          <div class=\"reports-box reports-box-simple reports-box-bg \">\r\n            <div class=\"reports-box__labelbar\">\r\n              <div class=\"reports-label-bar-wrapper justify-content-between\">\r\n                                <div class=\"reports-label-bar-wrapper__date text-regular\">09.02.2026<\/div>\r\n              <\/div>\r\n            <\/div>\r\n            <div class=\"reports-box__title main_sec_box\">\r\n              <a href=\"https:\/\/plsn.eu\/de\/berichte-und-analysen\/zwischenberichte-zur-umsetzung-des-programms-kopia\/\">\r\n                <div class=\"reports-box-title-wrapper\">\r\n                  <h3 class=\"reports-box-title-wrapper__title text-c-ue-blue3-font\">\r\n                    Zwischenberichte zur Umsetzung des Programms                  <\/h3>\r\n                <\/div>\r\n              <\/a>\r\n            <\/div>\r\n            <div class=\"reports-box__download\">\r\n                          <\/div>\r\n          <\/div>\r\n        <\/li>\r\n\r\n                <li class=\"reports-list__item w-100 main_sec\">\r\n          <div class=\"reports-box reports-box-simple reports-box-bg \">\r\n            <div class=\"reports-box__labelbar\">\r\n              <div class=\"reports-label-bar-wrapper justify-content-between\">\r\n                                <div class=\"reports-label-bar-wrapper__date text-regular\">03.10.2025<\/div>\r\n              <\/div>\r\n            <\/div>\r\n            <div class=\"reports-box__title main_sec_box\">\r\n              <a href=\"https:\/\/plsn.eu\/de\/berichte-und-analysen\/halbzeitbewertung-der-umsetzung-des-kooperationsprogramms-interreg-polen-sachsen-2021-2027-kopia\/\">\r\n                <div class=\"reports-box-title-wrapper\">\r\n                  <h3 class=\"reports-box-title-wrapper__title text-c-ue-blue3-font\">\r\n                    Abschliessender Durchf\u00fchrungsbericht PLSN 2014-2020 Zusammenfassung                  <\/h3>\r\n                <\/div>\r\n              <\/a>\r\n            <\/div>\r\n            <div class=\"reports-box__download\">\r\n                            <a href=\"https:\/\/plsn.eu\/wp-content\/uploads\/2025\/10\/KP-PLSN-2014-2020-Zusammenfassung.pdf\" download>\r\n                <div class=\"reports-box-download-wrapper\">\r\n                  <div class=\"reports-box-download-wrapper__icon\">\r\n                    <svg width=\"26\" height=\"34\" viewBox=\"0 0 26 34\" fill=\"none\" xmlns=\"http:\/\/www.w3.org\/2000\/svg\"\r\n                      class=\"img-fluid\">\r\n                      <path fill-rule=\"evenodd\" clip-rule=\"evenodd\"\r\n                        d=\"M3.12764 22.9561C3.70342 22.9561 4.17019 23.4232 4.17019 23.9995V28.1734C4.17019 28.4502 4.28003 28.7156 4.47555 28.9113C4.67106 29.107 4.93624 29.2169 5.21274 29.2169H19.8085C20.085 29.2169 20.3502 29.107 20.5457 28.9113C20.7412 28.7156 20.851 28.4502 20.851 28.1734V23.9995C20.851 23.4232 21.3178 22.9561 21.8936 22.9561C22.4694 22.9561 22.9361 23.4232 22.9361 23.9995V28.1734C22.9361 29.0037 22.6066 29.7999 22.0201 30.387C21.4335 30.9741 20.638 31.3039 19.8085 31.3039H5.21274C4.38324 31.3039 3.5877 30.9741 3.00115 30.387C2.4146 29.7999 2.08508 29.0037 2.08508 28.1734V23.9995C2.08508 23.4232 2.55185 22.9561 3.12764 22.9561Z\"\r\n                        fill=\"#407DD8\" \/>\r\n                      <path fill-rule=\"evenodd\" clip-rule=\"evenodd\"\r\n                        d=\"M6.56073 18.0449C6.96787 17.6374 7.62798 17.6374 8.03512 18.0449L12.5107 22.5244L16.9863 18.0449C17.3934 17.6374 18.0535 17.6374 18.4607 18.0449C18.8678 18.4524 18.8678 19.1131 18.4607 19.5206L13.2479 24.738C12.8407 25.1455 12.1806 25.1455 11.7735 24.738L6.56073 19.5206C6.15359 19.1131 6.15359 18.4524 6.56073 18.0449Z\"\r\n                        fill=\"#407DD8\" \/>\r\n                      <path fill-rule=\"evenodd\" clip-rule=\"evenodd\"\r\n                        d=\"M12.5107 2.08691C13.0865 2.08691 13.5532 2.5541 13.5532 3.13039V13.5652C13.5532 14.1415 13.0865 14.6087 12.5107 14.6087C11.9349 14.6087 11.4681 14.1415 11.4681 13.5652V3.13039C11.4681 2.5541 11.9349 2.08691 12.5107 2.08691Z\"\r\n                        fill=\"#407DD8\" \/>\r\n                    <\/svg>\r\n                  <\/div>\r\n\r\n                  <div class=\"reports-box-download-wrapper__text\">\r\n\r\n                    <span class=\"visually-hidden\">Pobierz dokument <\/span>\r\n                    <span>PDF<\/span>\r\n                    <div class=\"reports-box-download-wrapper--dot-separator\">\r\n                      <svg width=\"2\" height=\"2\" viewBox=\"0 0 2 2\" fill=\"none\" xmlns=\"http:\/\/www.w3.org\/2000\/svg\">\r\n                        <circle cx=\"1\" cy=\"1\" r=\"1\" fill=\"#4F4F4F\" \/>\r\n                      <\/svg>\r\n                    <\/div>\r\n\r\n                    \r\n\r\n                    <span>656.31 KB<\/span>\r\n\r\n\r\n                  <\/div>\r\n\r\n                <\/div>\r\n              <\/a>\r\n                          <\/div>\r\n          <\/div>\r\n        <\/li>\r\n\r\n                <li class=\"reports-list__item w-100 main_sec\">\r\n          <div class=\"reports-box reports-box-simple reports-box-bg \">\r\n            <div class=\"reports-box__labelbar\">\r\n              <div class=\"reports-label-bar-wrapper justify-content-between\">\r\n                                <div class=\"reports-label-bar-wrapper__date text-regular\">04.08.2025<\/div>\r\n              <\/div>\r\n            <\/div>\r\n            <div class=\"reports-box__title main_sec_box\">\r\n              <a href=\"https:\/\/plsn.eu\/de\/berichte-und-analysen\/halbzeitbewertung-der-umsetzung-des-kooperationsprogramms-interreg-polen-sachsen-2021-2027\/\">\r\n                <div class=\"reports-box-title-wrapper\">\r\n                  <h3 class=\"reports-box-title-wrapper__title text-c-ue-blue3-font\">\r\n                    Halbzeitbewertung der Umsetzung des Kooperationsprogramms Interreg Polen-Sachsen 2021-2027                  <\/h3>\r\n                <\/div>\r\n              <\/a>\r\n            <\/div>\r\n            <div class=\"reports-box__download\">\r\n                            <a href=\"https:\/\/plsn.eu\/wp-content\/uploads\/2025\/08\/Halbzeitbewertung-der-Umsetzung-des-KP-INTERREG-PL-SN-2021-2027.pdf\" download>\r\n                <div class=\"reports-box-download-wrapper\">\r\n                  <div class=\"reports-box-download-wrapper__icon\">\r\n                    <svg width=\"26\" height=\"34\" viewBox=\"0 0 26 34\" fill=\"none\" xmlns=\"http:\/\/www.w3.org\/2000\/svg\"\r\n                      class=\"img-fluid\">\r\n                      <path fill-rule=\"evenodd\" clip-rule=\"evenodd\"\r\n                        d=\"M3.12764 22.9561C3.70342 22.9561 4.17019 23.4232 4.17019 23.9995V28.1734C4.17019 28.4502 4.28003 28.7156 4.47555 28.9113C4.67106 29.107 4.93624 29.2169 5.21274 29.2169H19.8085C20.085 29.2169 20.3502 29.107 20.5457 28.9113C20.7412 28.7156 20.851 28.4502 20.851 28.1734V23.9995C20.851 23.4232 21.3178 22.9561 21.8936 22.9561C22.4694 22.9561 22.9361 23.4232 22.9361 23.9995V28.1734C22.9361 29.0037 22.6066 29.7999 22.0201 30.387C21.4335 30.9741 20.638 31.3039 19.8085 31.3039H5.21274C4.38324 31.3039 3.5877 30.9741 3.00115 30.387C2.4146 29.7999 2.08508 29.0037 2.08508 28.1734V23.9995C2.08508 23.4232 2.55185 22.9561 3.12764 22.9561Z\"\r\n                        fill=\"#407DD8\" \/>\r\n                      <path fill-rule=\"evenodd\" clip-rule=\"evenodd\"\r\n                        d=\"M6.56073 18.0449C6.96787 17.6374 7.62798 17.6374 8.03512 18.0449L12.5107 22.5244L16.9863 18.0449C17.3934 17.6374 18.0535 17.6374 18.4607 18.0449C18.8678 18.4524 18.8678 19.1131 18.4607 19.5206L13.2479 24.738C12.8407 25.1455 12.1806 25.1455 11.7735 24.738L6.56073 19.5206C6.15359 19.1131 6.15359 18.4524 6.56073 18.0449Z\"\r\n                        fill=\"#407DD8\" \/>\r\n                      <path fill-rule=\"evenodd\" clip-rule=\"evenodd\"\r\n                        d=\"M12.5107 2.08691C13.0865 2.08691 13.5532 2.5541 13.5532 3.13039V13.5652C13.5532 14.1415 13.0865 14.6087 12.5107 14.6087C11.9349 14.6087 11.4681 14.1415 11.4681 13.5652V3.13039C11.4681 2.5541 11.9349 2.08691 12.5107 2.08691Z\"\r\n                        fill=\"#407DD8\" \/>\r\n                    <\/svg>\r\n                  <\/div>\r\n\r\n                  <div class=\"reports-box-download-wrapper__text\">\r\n\r\n                    <span class=\"visually-hidden\">Pobierz dokument <\/span>\r\n                    <span>PDF<\/span>\r\n                    <div class=\"reports-box-download-wrapper--dot-separator\">\r\n                      <svg width=\"2\" height=\"2\" viewBox=\"0 0 2 2\" fill=\"none\" xmlns=\"http:\/\/www.w3.org\/2000\/svg\">\r\n                        <circle cx=\"1\" cy=\"1\" r=\"1\" fill=\"#4F4F4F\" \/>\r\n                      <\/svg>\r\n                    <\/div>\r\n\r\n                    \r\n\r\n                    <span>1.50 MB<\/span>\r\n\r\n\r\n                  <\/div>\r\n\r\n                <\/div>\r\n              <\/a>\r\n                          <\/div>\r\n          <\/div>\r\n        <\/li>\r\n\r\n                <li class=\"reports-list__item w-100 main_sec\">\r\n          <div class=\"reports-box reports-box-simple reports-box-bg \">\r\n            <div class=\"reports-box__labelbar\">\r\n              <div class=\"reports-label-bar-wrapper justify-content-between\">\r\n                                <div class=\"reports-label-bar-wrapper__date text-regular\">20.11.2024<\/div>\r\n              <\/div>\r\n            <\/div>\r\n            <div class=\"reports-box__title main_sec_box\">\r\n              <a href=\"https:\/\/plsn.eu\/de\/berichte-und-analysen\/zwischenberichte-zur-umsetzung-des-programms\/\">\r\n                <div class=\"reports-box-title-wrapper\">\r\n                  <h3 class=\"reports-box-title-wrapper__title text-c-ue-blue3-font\">\r\n                    Zwischenberichte zur Umsetzung des Programms                  <\/h3>\r\n                <\/div>\r\n              <\/a>\r\n            <\/div>\r\n            <div class=\"reports-box__download\">\r\n                          <\/div>\r\n          <\/div>\r\n        <\/li>\r\n\r\n        \r\n      <\/ul>\r\n\r\n      <div class=\"mt-50px\">\r\n        <div class=\"paginator-wrapper\">\r\n                    \r\n        <\/div>\r\n      <\/div>\r\n    <\/div>\r\n\r\n  <\/div>\r\n\r\n\r\n\r\n\r\n\r\n<\/div>\r\n\r\n\n\n\n<p><\/p>\n","protected":false},"excerpt":{"rendered":"","protected":false},"author":1,"featured_media":0,"parent":0,"menu_order":0,"comment_status":"closed","ping_status":"closed","template":"","meta":{"_acf_changed":false,"inline_featured_image":false,"_themeisle_gutenberg_block_has_review":false,"footnotes":"","_links_to":"","_links_to_target":""},"class_list":["post-30818","page","type-page","status-publish","hentry"],"acf":[],"_links":{"self":[{"href":"https:\/\/plsn.eu\/de\/wp-json\/wp\/v2\/pages\/30818","targetHints":{"allow":["GET"]}}],"collection":[{"href":"https:\/\/plsn.eu\/de\/wp-json\/wp\/v2\/pages"}],"about":[{"href":"https:\/\/plsn.eu\/de\/wp-json\/wp\/v2\/types\/page"}],"author":[{"embeddable":true,"href":"https:\/\/plsn.eu\/de\/wp-json\/wp\/v2\/users\/1"}],"replies":[{"embeddable":true,"href":"https:\/\/plsn.eu\/de\/wp-json\/wp\/v2\/comments?post=30818"}],"version-history":[{"count":3,"href":"https:\/\/plsn.eu\/de\/wp-json\/wp\/v2\/pages\/30818\/revisions"}],"predecessor-version":[{"id":34582,"href":"https:\/\/plsn.eu\/de\/wp-json\/wp\/v2\/pages\/30818\/revisions\/34582"}],"wp:attachment":[{"href":"https:\/\/plsn.eu\/de\/wp-json\/wp\/v2\/media?parent=30818"}],"curies":[{"name":"wp","href":"https:\/\/api.w.org\/{rel}","templated":true}]}}