{"id":30841,"date":"2024-09-25T14:48:42","date_gmt":"2024-09-25T12:48:42","guid":{"rendered":"https:\/\/plsn.eu\/fur-den-antragsteller\/lista-strategii-regionalnych\/"},"modified":"2025-03-03T11:45:15","modified_gmt":"2025-03-03T10:45:15","slug":"liste-der-regionalen-strategien","status":"publish","type":"page","link":"https:\/\/plsn.eu\/de\/fur-den-antragsteller\/liste-der-regionalen-strategien\/","title":{"rendered":"Regionale Entwicklungsstrategien"},"content":{"rendered":"\n<div class=\"wp-block-columns is-layout-flex wp-container-core-columns-is-layout-9d6595d7 wp-block-columns-is-layout-flex\">\n<div class=\"wp-block-column is-layout-flow wp-block-column-is-layout-flow\" style=\"flex-basis:66.66%\">\n<h2 class=\"wp-block-heading\"><\/h2>\n\n\n\n<p>Nachstehend finden Sie Links zu den im F\u00f6rdergebiet geltenden Strategien. Projekte, f\u00fcr die eine F\u00f6rderung im Kooperationsprogramm Interreg Polen \u2013 Sachsen 2021-2027 beantragt wird, sollen sich mit Problemstellungen, Herausforderungen oder Entwicklung bestimmter Potenziale befassen, die m Programm und in den im F\u00f6rdergebiet geltenden europ\u00e4ischen, \u00fcberregionalen (EU), nationalen und regionalen Strategien verankert sind. <strong>Jedes Projekt muss mit diesen Strategien im Einklang stehen. <\/strong>Es ist ein wichtiges Bewertungskriterium, daher empfehlen wir Ihnen die Strategien zu lesen.<\/p>\n\n\n\n<p>Unten finden Sie Informationen zu den regionalen Strategien, die im Rahmen der Projektbewertung ber\u00fccksichtigt werden.<\/p>\n\n\n\n<p>Entwicklungsstrategie f\u00fcr die Woiwodschaft Niederschlesien 2030 (in Polnisch):&nbsp;<\/p>\n\n\n\n<p><\/p>\n\n\n\r\n<div class=\"\">\r\n  <!-- Documents -->\r\n\r\n      <ul class=\"row list-unstyled\">\r\n    \r\n    <li class=\"document-list\">\r\n      <div class=\"col-lg-12 col-12\">\r\n        <div class=\"document-list__element document-list__element--border row align-items-start\">\r\n          <div class=\"col-1\">\r\n            <input class=\"downloadFiles_1671 document-list__element--check-input form-check-input\"\r\n              data-file=\"https:\/\/plsn.eu\/wp-content\/uploads\/2024\/11\/Strategia-Rozwoju-Woj.-Dolnoslaskiego.pdf\" type=\"checkbox\"\r\n              id=\"dlcstatus16710tlt1671\"\r\n              aria-label=\"Zaznacz do pobrania Strategia Rozwoju Wojew\u00f3dztwa Dolno\u015bl\u0105skiego 2030\"\r\n              onclick=\"disableToggleAll('status1671');\">\r\n          <\/div>\r\n          <div class=\"col-11\">\r\n            <div class=\"row\">\r\n              <div class=\"col-8\">\r\n                <a href=\"https:\/\/plsn.eu\/wp-content\/uploads\/2024\/11\/Strategia-Rozwoju-Woj.-Dolnoslaskiego.pdf\" target=\"_blank\" >\r\n                  <span class=\"visually-hidden\">Vorschau<\/span>\r\n                  <h3 class=\"col-12 document-list__element--title\">Strategia Rozwoju Wojew\u00f3dztwa Dolno\u015bl\u0105skiego 2030                  <\/h3>\r\n                <\/a>\r\n              <\/div>\r\n              <div class=\"col-4 d-flex align-items-start justify-content-end download-btn-col\">\r\n                <a href=\"https:\/\/plsn.eu\/wp-content\/uploads\/2024\/11\/Strategia-Rozwoju-Woj.-Dolnoslaskiego.pdf\"  target=\"_blank\" class=\"download-wrapper\" download>\r\n                  <span class=\"d-block download-wrapper--icon \">\r\n                    <svg width=\"19\" height=\"23\" viewBox=\"0 0 19 23\" fill=\"none\" xmlns=\"http:\/\/www.w3.org\/2000\/svg\">\r\n                      <path fill-rule=\"evenodd\" clip-rule=\"evenodd\"\r\n                        d=\"M2.37498 15.8125C2.81221 15.8125 3.16665 16.1343 3.16665 16.5312V19.4062C3.16665 19.5969 3.25005 19.7797 3.39852 19.9145C3.54699 20.0493 3.74835 20.125 3.95831 20.125H15.0416C15.2516 20.125 15.453 20.0493 15.6014 19.9145C15.7499 19.7797 15.8333 19.5969 15.8333 19.4062V16.5312C15.8333 16.1343 16.1878 15.8125 16.625 15.8125C17.0622 15.8125 17.4166 16.1343 17.4166 16.5312V19.4062C17.4166 19.9781 17.1664 20.5266 16.721 20.9309C16.2756 21.3353 15.6715 21.5625 15.0416 21.5625H3.95831C3.32842 21.5625 2.72433 21.3353 2.27893 20.9309C1.83354 20.5266 1.58331 19.9781 1.58331 19.4062V16.5312C1.58331 16.1343 1.93775 15.8125 2.37498 15.8125Z\"\r\n                        fill=\"#FF5F20\"><\/path>\r\n                      <path fill-rule=\"evenodd\" clip-rule=\"evenodd\"\r\n                        d=\"M4.98187 12.4293C5.29104 12.1486 5.79229 12.1486 6.10146 12.4293L9.5 15.5148L12.8985 12.4293C13.2077 12.1486 13.709 12.1486 14.0181 12.4293C14.3273 12.71 14.3273 13.165 14.0181 13.4457L10.0598 17.0395C9.75063 17.3202 9.24937 17.3202 8.94021 17.0395L4.98187 13.4457C4.67271 13.165 4.67271 12.71 4.98187 12.4293Z\"\r\n                        fill=\"#FF5F20\"><\/path>\r\n                      <path fill-rule=\"evenodd\" clip-rule=\"evenodd\"\r\n                        d=\"M9.49998 1.4375C9.9372 1.4375 10.2916 1.7593 10.2916 2.15625V9.34375C10.2916 9.7407 9.9372 10.0625 9.49998 10.0625C9.06275 10.0625 8.70831 9.7407 8.70831 9.34375V2.15625C8.70831 1.7593 9.06275 1.4375 9.49998 1.4375Z\"\r\n                        fill=\"#FF5F20\"><\/path>\r\n                    <\/svg>\r\n                  <\/span>\r\n                  <span class=\"visually-hidden\">Pobierz do pliku                    Strategia Rozwoju Wojew\u00f3dztwa Dolno\u015bl\u0105skiego 2030<\/span>\r\n                  <span\r\n                    class=\"download_txt_scr download-wrapper--text text-medium-2 text-uppercase download-wrapper--text--dark-blue  d-none d-sm-block d-sm-none d-md-block \">\r\n                    Herunterladen                  <\/span>\r\n                <\/a>\r\n              <\/div>\r\n            <\/div>\r\n\r\n            <div class=\"row\">\r\n              <div class=\"col-10\">\r\n                <div class=\"row\">\r\n\r\n                  <div\r\n                    class=\"col-12 document-list__element__desc document-list__element__desc__shorter document-list__element__desc--date document-list__element__desc--d-none\">\r\n                    <span>pdf<\/span>\r\n                                        <span>14.56 MB<\/span>\r\n                    \r\n\r\n\r\n                  <\/div>\r\n\r\n                  <div\r\n                    class=\"row document-list__element__desc document-list__element__desc--date document-list__element__desc--m-none\">\r\n                    <div class=\"col-12\">\r\n                      <span>pdf<\/span>\r\n                      <svg width=\"2\" height=\"2\" viewBox=\"0 0 2 2\" fill=\"none\" xmlns=\"http:\/\/www.w3.org\/2000\/svg\"\r\n                        class=\"document-list__element__desc--dot-separator\">\r\n                        <circle cx=\"1\" cy=\"1\" r=\"1\" fill=\"#4F4F4F\"><\/circle>\r\n                      <\/svg>\r\n\r\n                      \r\n                      <span>14.56 MB<\/span>                    <\/div>\r\n                    <div class=\"col-12 mt-5px\">\r\n\r\n                      \r\n                    <\/div>\r\n                  <\/div>\r\n\r\n\r\n                <\/div>\r\n                                <div class=\"row\">\r\n                  <div class=\"col-12 document-list__element__desc document-list__element__desc__additional align-items-center\">\r\n\r\n\r\n                    \r\n                    \r\n                    \r\n                                      <\/div>\r\n\r\n                <\/div>\r\n\r\n              <\/div>\r\n\r\n              \r\n            <\/div>\r\n          <\/div>\r\n        <\/div>\r\n      <\/div>\r\n    <\/li>\r\n          <\/ul>\r\n\r\n  \r\n\r\n  <!-- \/Documents -->\r\n<\/div>\r\n\n\n\n<p>Entwicklungsstrategie f\u00fcr die Woiwodschaft Lebuser Land 2030 (in Polnisch):&nbsp;<\/p>\n\n\n\r\n<div class=\"\">\r\n  <!-- Documents -->\r\n\r\n      <ul class=\"row list-unstyled\">\r\n    \r\n    <li class=\"document-list\">\r\n      <div class=\"col-lg-12 col-12\">\r\n        <div class=\"document-list__element document-list__element--border row align-items-start\">\r\n          <div class=\"col-1\">\r\n            <input class=\"downloadFiles_8177 document-list__element--check-input form-check-input\"\r\n              data-file=\"https:\/\/plsn.eu\/wp-content\/uploads\/2024\/11\/Strategia-Rozwoju-Woj.-Lubuskiego.pdf\" type=\"checkbox\"\r\n              id=\"dlcstatus81770tlt8177\"\r\n              aria-label=\"Zaznacz do pobrania Strategia Rozwoju Wojew\u00f3dztwa Lubuskiego 2030\"\r\n              onclick=\"disableToggleAll('status8177');\">\r\n          <\/div>\r\n          <div class=\"col-11\">\r\n            <div class=\"row\">\r\n              <div class=\"col-8\">\r\n                <a href=\"https:\/\/plsn.eu\/wp-content\/uploads\/2024\/11\/Strategia-Rozwoju-Woj.-Lubuskiego.pdf\" target=\"_blank\" >\r\n                  <span class=\"visually-hidden\">Vorschau<\/span>\r\n                  <h3 class=\"col-12 document-list__element--title\">Strategia Rozwoju Wojew\u00f3dztwa Lubuskiego 2030                  <\/h3>\r\n                <\/a>\r\n              <\/div>\r\n              <div class=\"col-4 d-flex align-items-start justify-content-end download-btn-col\">\r\n                <a href=\"https:\/\/plsn.eu\/wp-content\/uploads\/2024\/11\/Strategia-Rozwoju-Woj.-Lubuskiego.pdf\"  target=\"_blank\" class=\"download-wrapper\" download>\r\n                  <span class=\"d-block download-wrapper--icon \">\r\n                    <svg width=\"19\" height=\"23\" viewBox=\"0 0 19 23\" fill=\"none\" xmlns=\"http:\/\/www.w3.org\/2000\/svg\">\r\n                      <path fill-rule=\"evenodd\" clip-rule=\"evenodd\"\r\n                        d=\"M2.37498 15.8125C2.81221 15.8125 3.16665 16.1343 3.16665 16.5312V19.4062C3.16665 19.5969 3.25005 19.7797 3.39852 19.9145C3.54699 20.0493 3.74835 20.125 3.95831 20.125H15.0416C15.2516 20.125 15.453 20.0493 15.6014 19.9145C15.7499 19.7797 15.8333 19.5969 15.8333 19.4062V16.5312C15.8333 16.1343 16.1878 15.8125 16.625 15.8125C17.0622 15.8125 17.4166 16.1343 17.4166 16.5312V19.4062C17.4166 19.9781 17.1664 20.5266 16.721 20.9309C16.2756 21.3353 15.6715 21.5625 15.0416 21.5625H3.95831C3.32842 21.5625 2.72433 21.3353 2.27893 20.9309C1.83354 20.5266 1.58331 19.9781 1.58331 19.4062V16.5312C1.58331 16.1343 1.93775 15.8125 2.37498 15.8125Z\"\r\n                        fill=\"#FF5F20\"><\/path>\r\n                      <path fill-rule=\"evenodd\" clip-rule=\"evenodd\"\r\n                        d=\"M4.98187 12.4293C5.29104 12.1486 5.79229 12.1486 6.10146 12.4293L9.5 15.5148L12.8985 12.4293C13.2077 12.1486 13.709 12.1486 14.0181 12.4293C14.3273 12.71 14.3273 13.165 14.0181 13.4457L10.0598 17.0395C9.75063 17.3202 9.24937 17.3202 8.94021 17.0395L4.98187 13.4457C4.67271 13.165 4.67271 12.71 4.98187 12.4293Z\"\r\n                        fill=\"#FF5F20\"><\/path>\r\n                      <path fill-rule=\"evenodd\" clip-rule=\"evenodd\"\r\n                        d=\"M9.49998 1.4375C9.9372 1.4375 10.2916 1.7593 10.2916 2.15625V9.34375C10.2916 9.7407 9.9372 10.0625 9.49998 10.0625C9.06275 10.0625 8.70831 9.7407 8.70831 9.34375V2.15625C8.70831 1.7593 9.06275 1.4375 9.49998 1.4375Z\"\r\n                        fill=\"#FF5F20\"><\/path>\r\n                    <\/svg>\r\n                  <\/span>\r\n                  <span class=\"visually-hidden\">Pobierz do pliku                    Strategia Rozwoju Wojew\u00f3dztwa Lubuskiego 2030<\/span>\r\n                  <span\r\n                    class=\"download_txt_scr download-wrapper--text text-medium-2 text-uppercase download-wrapper--text--dark-blue  d-none d-sm-block d-sm-none d-md-block \">\r\n                    Herunterladen                  <\/span>\r\n                <\/a>\r\n              <\/div>\r\n            <\/div>\r\n\r\n            <div class=\"row\">\r\n              <div class=\"col-10\">\r\n                <div class=\"row\">\r\n\r\n                  <div\r\n                    class=\"col-12 document-list__element__desc document-list__element__desc__shorter document-list__element__desc--date document-list__element__desc--d-none\">\r\n                    <span>pdf<\/span>\r\n                                        <span>3.42 MB<\/span>\r\n                    \r\n\r\n\r\n                  <\/div>\r\n\r\n                  <div\r\n                    class=\"row document-list__element__desc document-list__element__desc--date document-list__element__desc--m-none\">\r\n                    <div class=\"col-12\">\r\n                      <span>pdf<\/span>\r\n                      <svg width=\"2\" height=\"2\" viewBox=\"0 0 2 2\" fill=\"none\" xmlns=\"http:\/\/www.w3.org\/2000\/svg\"\r\n                        class=\"document-list__element__desc--dot-separator\">\r\n                        <circle cx=\"1\" cy=\"1\" r=\"1\" fill=\"#4F4F4F\"><\/circle>\r\n                      <\/svg>\r\n\r\n                      \r\n                      <span>3.42 MB<\/span>                    <\/div>\r\n                    <div class=\"col-12 mt-5px\">\r\n\r\n                      \r\n                    <\/div>\r\n                  <\/div>\r\n\r\n\r\n                <\/div>\r\n                                <div class=\"row\">\r\n                  <div class=\"col-12 document-list__element__desc document-list__element__desc__additional align-items-center\">\r\n\r\n\r\n                    \r\n                    \r\n                    \r\n                                      <\/div>\r\n\r\n                <\/div>\r\n\r\n              <\/div>\r\n\r\n              \r\n            <\/div>\r\n          <\/div>\r\n        <\/div>\r\n      <\/div>\r\n    <\/li>\r\n          <\/ul>\r\n\r\n  \r\n\r\n  <!-- \/Documents -->\r\n<\/div>\r\n\n\n\n<p><strong><a href=\"https:\/\/eusbsr.eu\/\" rel=\"nofollow noopener\" target=\"_blank\">EU-Strategie f\u00fcr den Ostseeraum<\/a><\/strong><a href=\"https:\/\/www.balticsea-region-strategy.eu\/\" rel=\"nofollow noopener\" target=\"_blank\"><strong>  <\/strong><\/a><\/p>\n\n\n\n<p>(Strategie in Englisch)<\/p>\n\n\n\n<h2 class=\"wp-block-heading\">F\u00fcr Projektma\u00dfnahmen im s\u00e4chsischen Teil des F\u00f6rdergebiets:<\/h2>\n\n\n\n<p>aktuell geltende s\u00e4chsische Fachstrategien f\u00fcr Projektma\u00dfnahmen, die in Sachsen umgesetzt werden \u2013 mit Links:&nbsp;<\/p>\n\n\n\r\n<div class=\"\">\r\n  <!-- Documents -->\r\n\r\n      <ul class=\"row list-unstyled\">\r\n    \r\n    <li class=\"document-list\">\r\n      <div class=\"col-lg-12 col-12\">\r\n        <div class=\"document-list__element document-list__element--border row align-items-start\">\r\n          <div class=\"col-1\">\r\n            <input class=\"downloadFiles_4891 document-list__element--check-input form-check-input\"\r\n              data-file=\"https:\/\/plsn.eu\/wp-content\/uploads\/2025\/03\/2025-02-28_Liste_Fachstrategien_Version_3.pdf\" type=\"checkbox\"\r\n              id=\"dlcstatus48910tlt4891\"\r\n              aria-label=\"Zaznacz do pobrania S\u00e4chsische Fachstrategien\"\r\n              onclick=\"disableToggleAll('status4891');\">\r\n          <\/div>\r\n          <div class=\"col-11\">\r\n            <div class=\"row\">\r\n              <div class=\"col-8\">\r\n                <a href=\"https:\/\/plsn.eu\/wp-content\/uploads\/2025\/03\/2025-02-28_Liste_Fachstrategien_Version_3.pdf\" target=\"_blank\">\r\n                  <span class=\"visually-hidden\">Vorschau<\/span>\r\n                  <h3 class=\"col-12 document-list__element--title\">S\u00e4chsische Fachstrategien                  <\/h3>\r\n                <\/a>\r\n              <\/div>\r\n              <div class=\"col-4 d-flex align-items-start justify-content-end download-btn-col\">\r\n                <a href=\"https:\/\/plsn.eu\/wp-content\/uploads\/2025\/03\/2025-02-28_Liste_Fachstrategien_Version_3.pdf\" target=\"_blank\" class=\"download-wrapper\" download>\r\n                  <span class=\"d-block download-wrapper--icon \">\r\n                    <svg width=\"19\" height=\"23\" viewBox=\"0 0 19 23\" fill=\"none\" xmlns=\"http:\/\/www.w3.org\/2000\/svg\">\r\n                      <path fill-rule=\"evenodd\" clip-rule=\"evenodd\"\r\n                        d=\"M2.37498 15.8125C2.81221 15.8125 3.16665 16.1343 3.16665 16.5312V19.4062C3.16665 19.5969 3.25005 19.7797 3.39852 19.9145C3.54699 20.0493 3.74835 20.125 3.95831 20.125H15.0416C15.2516 20.125 15.453 20.0493 15.6014 19.9145C15.7499 19.7797 15.8333 19.5969 15.8333 19.4062V16.5312C15.8333 16.1343 16.1878 15.8125 16.625 15.8125C17.0622 15.8125 17.4166 16.1343 17.4166 16.5312V19.4062C17.4166 19.9781 17.1664 20.5266 16.721 20.9309C16.2756 21.3353 15.6715 21.5625 15.0416 21.5625H3.95831C3.32842 21.5625 2.72433 21.3353 2.27893 20.9309C1.83354 20.5266 1.58331 19.9781 1.58331 19.4062V16.5312C1.58331 16.1343 1.93775 15.8125 2.37498 15.8125Z\"\r\n                        fill=\"#FF5F20\"><\/path>\r\n                      <path fill-rule=\"evenodd\" clip-rule=\"evenodd\"\r\n                        d=\"M4.98187 12.4293C5.29104 12.1486 5.79229 12.1486 6.10146 12.4293L9.5 15.5148L12.8985 12.4293C13.2077 12.1486 13.709 12.1486 14.0181 12.4293C14.3273 12.71 14.3273 13.165 14.0181 13.4457L10.0598 17.0395C9.75063 17.3202 9.24937 17.3202 8.94021 17.0395L4.98187 13.4457C4.67271 13.165 4.67271 12.71 4.98187 12.4293Z\"\r\n                        fill=\"#FF5F20\"><\/path>\r\n                      <path fill-rule=\"evenodd\" clip-rule=\"evenodd\"\r\n                        d=\"M9.49998 1.4375C9.9372 1.4375 10.2916 1.7593 10.2916 2.15625V9.34375C10.2916 9.7407 9.9372 10.0625 9.49998 10.0625C9.06275 10.0625 8.70831 9.7407 8.70831 9.34375V2.15625C8.70831 1.7593 9.06275 1.4375 9.49998 1.4375Z\"\r\n                        fill=\"#FF5F20\"><\/path>\r\n                    <\/svg>\r\n                  <\/span>\r\n                  <span class=\"visually-hidden\">Pobierz do pliku                    S\u00e4chsische Fachstrategien<\/span>\r\n                  <span\r\n                    class=\"download_txt_scr download-wrapper--text text-medium-2 text-uppercase download-wrapper--text--dark-blue  d-none d-sm-block d-sm-none d-md-block \">\r\n                    Herunterladen                  <\/span>\r\n                <\/a>\r\n              <\/div>\r\n            <\/div>\r\n\r\n            <div class=\"row\">\r\n              <div class=\"col-10\">\r\n                <div class=\"row\">\r\n\r\n                  <div\r\n                    class=\"col-12 document-list__element__desc document-list__element__desc__shorter document-list__element__desc--date document-list__element__desc--d-none\">\r\n                    <span>pdf<\/span>\r\n                                        <span>211.85 KB<\/span>\r\n                    \r\n\r\n\r\n                  <\/div>\r\n\r\n                  <div\r\n                    class=\"row document-list__element__desc document-list__element__desc--date document-list__element__desc--m-none\">\r\n                    <div class=\"col-12\">\r\n                      <span>pdf<\/span>\r\n                      <svg width=\"2\" height=\"2\" viewBox=\"0 0 2 2\" fill=\"none\" xmlns=\"http:\/\/www.w3.org\/2000\/svg\"\r\n                        class=\"document-list__element__desc--dot-separator\">\r\n                        <circle cx=\"1\" cy=\"1\" r=\"1\" fill=\"#4F4F4F\"><\/circle>\r\n                      <\/svg>\r\n\r\n                      \r\n                      <span>211.85 KB<\/span>                    <\/div>\r\n                    <div class=\"col-12 mt-5px\">\r\n\r\n                      \r\n                    <\/div>\r\n                  <\/div>\r\n\r\n\r\n                <\/div>\r\n                                <div class=\"row\">\r\n                  <div class=\"col-12 document-list__element__desc document-list__element__desc__additional align-items-center\">\r\n\r\n\r\n                    \r\n                    \r\n                    \r\n                                      <\/div>\r\n\r\n                <\/div>\r\n\r\n              <\/div>\r\n\r\n              \r\n            <\/div>\r\n          <\/div>\r\n        <\/div>\r\n      <\/div>\r\n    <\/li>\r\n          <\/ul>\r\n\r\n  \r\n\r\n  <!-- \/Documents -->\r\n<\/div>\r\n<\/div>\n\n\n\n<div class=\"wp-block-column is-layout-flow wp-block-column-is-layout-flow\" style=\"flex-basis:33.33%\">\n<div class=\"wp-block-group plsn-info-block\"><div class=\"wp-block-group__inner-container is-layout-constrained wp-block-group-is-layout-constrained\">\n<figure class=\"wp-block-image size-large\"><img loading=\"lazy\" decoding=\"async\" width=\"43\" height=\"49\" src=\"https:\/\/plsn.eu\/wp-content\/uploads\/2024\/11\/bulb-red.svg\" alt=\"\" class=\"wp-image-28463\"\/><\/figure>\n\n\n\n<p>Zweckm\u00e4\u00dfigkeit der Umsetzung des Projektes und dessen Auswirkung auf das F\u00f6rdergebiet im Zusammenhang mit dem Programm und den im F\u00f6rdergebiet geltenden Strategien ist eines der Kriterien f\u00fcr die Bewertung der Projektqualit\u00e4t des Projektantrags.<\/p>\n<\/div><\/div>\n<\/div>\n<\/div>\n\n\n<div id=\"subpages-block_2e6be8b55104fdaeba96f100399be968\"\r\n  class=\"subpages-block \">\r\n  <!-- subpage -->\r\n\r\n  \r\n\r\n    <div class=\"py-4 py-lg-5  overflow-hidden\">\r\n      <div class=\"  d-flex justify-content-between align-items-start\">\r\n        <header class=\"title__border-bottom--orange2  mb-70px\">\r\n          <h2 class=\"title-h3 \" tabindex=\"0\" aria-label=\"Siehe andere\">Siehe andere<\/h2>\r\n        <\/header>\r\n        <div class=\"swiper-navigation\">\r\n          <div class=\"swiper-button-prev swiper-poznaj-programy-prev\"> <\/div>\r\n          <div class=\"swiper-button-next swiper-poznaj-programy-next\"> <\/div>\r\n        <\/div>\r\n      <\/div>\r\n\r\n\r\n      <div class=\" \">\r\n        <div class=\"swiper swiper-transparent-edge-slides poradniki-lista-swiper poradniki-swiper__poznaj-programy\">\r\n          <div class=\"swiper-wrapper align-items-stretch\">\r\n\r\n                        <div class=\"swiper-slide news-list-wrapper__list__item\">\r\n\r\n              <a href=\"https:\/\/plsn.eu\/de\/fur-den-antragsteller\/zeitplan-der-calls\/\" class=\"w-100\">\r\n                <div class=\"card w-100 h-100 poradniki-lista__card \">\r\n                  <div class=\"card-img-top\">\r\n                    <img decoding=\"async\" src=\"https:\/\/plsn.eu\/wp-content\/uploads\/2025\/02\/harmonogram-nab-633x406.jpg\" alt=\"Zeitplan der Calls\" \/>\r\n                  <\/div>\r\n\r\n                  <div class=\"card-body\">\r\n                    <h3 class=\"cardTitlePlc1\">Zeitplan der Calls<\/h3>\r\n                  <\/div>\r\n                <\/div>\r\n              <\/a>\r\n            <\/div>\r\n                        <div class=\"swiper-slide news-list-wrapper__list__item\">\r\n\r\n              <a href=\"https:\/\/plsn.eu\/de\/fur-den-antragsteller\/antragstellung-tool-wod\/\" class=\"w-100\">\r\n                <div class=\"card w-100 h-100 poradniki-lista__card \">\r\n                  <div class=\"card-img-top\">\r\n                    <img decoding=\"async\" src=\"https:\/\/plsn.eu\/wp-content\/uploads\/2024\/12\/wod-1.jpg\" alt=\"Antragstellung-Tool (WoD)\" \/>\r\n                  <\/div>\r\n\r\n                  <div class=\"card-body\">\r\n                    <h3 class=\"cardTitlePlc1\">Antragstellung-Tool (WoD)<\/h3>\r\n                  <\/div>\r\n                <\/div>\r\n              <\/a>\r\n            <\/div>\r\n                        <div class=\"swiper-slide news-list-wrapper__list__item\">\r\n\r\n              <a href=\"https:\/\/plsn.eu\/de\/fur-den-antragsteller\/kryteria-oceny-projektow\/\" class=\"w-100\">\r\n                <div class=\"card w-100 h-100 poradniki-lista__card \">\r\n                  <div class=\"card-img-top\">\r\n                    <img decoding=\"async\" src=\"https:\/\/plsn.eu\/wp-content\/uploads\/2024\/12\/office-3199659_1280-633x406.jpg\" alt=\"Kriterien der Projektbewertung\" \/>\r\n                  <\/div>\r\n\r\n                  <div class=\"card-body\">\r\n                    <h3 class=\"cardTitlePlc1\">Kriterien der Projektbewertung<\/h3>\r\n                  <\/div>\r\n                <\/div>\r\n              <\/a>\r\n            <\/div>\r\n                        <div class=\"swiper-slide news-list-wrapper__list__item\">\r\n\r\n              <a href=\"https:\/\/plsn.eu\/de\/fur-den-antragsteller\/beschwerdeverfahren\/\" class=\"w-100\">\r\n                <div class=\"card w-100 h-100 poradniki-lista__card \">\r\n                  <div class=\"card-img-top\">\r\n                    <img decoding=\"async\" src=\"https:\/\/plsn.eu\/wp-content\/uploads\/2024\/12\/finger-2956974_1280-633x406.jpg\" alt=\"Beschwerdeverfahren\" \/>\r\n                  <\/div>\r\n\r\n                  <div class=\"card-body\">\r\n                    <h3 class=\"cardTitlePlc1\">Beschwerdeverfahren<\/h3>\r\n                  <\/div>\r\n                <\/div>\r\n              <\/a>\r\n            <\/div>\r\n            \r\n          <\/div>\r\n\r\n        <\/div>\r\n      <\/div>\r\n    <\/div>\r\n\r\n\r\n\r\n    <div class=\"height_70\"><\/div>\r\n\r\n\r\n    \r\n  <!-- \/subpage -->\r\n<\/div>\r\n\r\n","protected":false},"excerpt":{"rendered":"<p>Nachstehend finden Sie Links zu den im F\u00f6rdergebiet geltenden Strategien. Projekte, f\u00fcr die eine F\u00f6rderung im Kooperationsprogramm Interreg Polen \u2013 Sachsen 2021-2027 beantragt wird, sollen sich mit Problemstellungen, Herausforderungen oder Entwicklung bestimmter Potenziale befassen, die m Programm und in den im F\u00f6rdergebiet geltenden europ\u00e4ischen, \u00fcberregionalen (EU), nationalen und regionalen Strategien verankert sind. Jedes Projekt muss [&hellip;]<\/p>\n","protected":false},"author":1,"featured_media":32072,"parent":30016,"menu_order":5,"comment_status":"closed","ping_status":"closed","template":"","meta":{"_acf_changed":false,"inline_featured_image":false,"_themeisle_gutenberg_block_has_review":false,"footnotes":"","_links_to":"","_links_to_target":""},"class_list":["post-30841","page","type-page","status-publish","has-post-thumbnail","hentry"],"acf":[],"_links":{"self":[{"href":"https:\/\/plsn.eu\/de\/wp-json\/wp\/v2\/pages\/30841","targetHints":{"allow":["GET"]}}],"collection":[{"href":"https:\/\/plsn.eu\/de\/wp-json\/wp\/v2\/pages"}],"about":[{"href":"https:\/\/plsn.eu\/de\/wp-json\/wp\/v2\/types\/page"}],"author":[{"embeddable":true,"href":"https:\/\/plsn.eu\/de\/wp-json\/wp\/v2\/users\/1"}],"replies":[{"embeddable":true,"href":"https:\/\/plsn.eu\/de\/wp-json\/wp\/v2\/comments?post=30841"}],"version-history":[{"count":24,"href":"https:\/\/plsn.eu\/de\/wp-json\/wp\/v2\/pages\/30841\/revisions"}],"predecessor-version":[{"id":34767,"href":"https:\/\/plsn.eu\/de\/wp-json\/wp\/v2\/pages\/30841\/revisions\/34767"}],"up":[{"embeddable":true,"href":"https:\/\/plsn.eu\/de\/wp-json\/wp\/v2\/pages\/30016"}],"wp:featuredmedia":[{"embeddable":true,"href":"https:\/\/plsn.eu\/de\/wp-json\/wp\/v2\/media\/32072"}],"wp:attachment":[{"href":"https:\/\/plsn.eu\/de\/wp-json\/wp\/v2\/media?parent=30841"}],"curies":[{"name":"wp","href":"https:\/\/api.w.org\/{rel}","templated":true}]}}