{"id":31041,"date":"2023-09-21T08:03:18","date_gmt":"2023-09-21T06:03:18","guid":{"rendered":"https:\/\/plsn.eu\/kontakt\/wspolny-sekretariat\/"},"modified":"2026-03-02T16:54:46","modified_gmt":"2026-03-02T15:54:46","slug":"gemeinsames-sekretariat","status":"publish","type":"page","link":"https:\/\/plsn.eu\/de\/kontakt\/gemeinsames-sekretariat\/","title":{"rendered":"Gemeinsames Sekretariat"},"content":{"rendered":"\n<div class=\"wp-block-columns is-layout-flex wp-container-core-columns-is-layout-9d6595d7 wp-block-columns-is-layout-flex\">\n<div class=\"wp-block-column is-layout-flow wp-block-column-is-layout-flow\">\n<div class=\"row\">\n      <div class=\" col-xxl-12 col-xl-12 col-lg-12  col-md-6 main_sec\">\n    <div class=\"main_sec_box\">\n      <div class=\"fun_info_box\" data-punkty-map=\"0\">\n        <div class=\"fun_info_top\">\n                    <div class=\"fun_event_title1\">Gemeinsames Sekretariat<br> Kooperationsprogramm INTERREG Polen &#8211; Sachsen 2021-2027<\/div>\n          \n          \u00d6ffnungszeiten: Montag &#8211; Freitag, 8.15-16.15 (Wir sprechen Deutsch und Polnisch)\n        <\/div>\n\n        <div class=\"fun_clr\"><\/div>\n\n        <div class=\"fun_info_all\">\n\n\n        <div class=\"fun_info_left_tel\">\n                        <div class=\"fun_tel\"> <img decoding=\"async\" src=\"https:\/\/plsn.eu\/wp-content\/themes\/fundusze\/assets\/images\/call.png\" class=\"icon\" alt=\"Telefonnummer\"><\/div>\n            <div class=\"fun_tel_new\">\n            <div class=\"w-100\">\n              \n\n                  <a href=\"tel:+48 71 7580 980\">\n                    +48 71 7580 980                  <\/a>\n                  <br>\n\n\n                              <\/div>\n              <\/div>\n                      <\/div>\n\n\n          <div class=\"fun_info_right_address\">\n\n                        <div class=\"fun_tel\"><img decoding=\"async\" src=\"https:\/\/plsn.eu\/wp-content\/themes\/fundusze\/assets\/images\/location.png\" class=\"icon\" alt=\"Adresse\"><\/div>\n            <div class=\"fun_tel_new\">ul. \u015aw. Miko\u0142aja 81, 50-126 Wroc\u0142aw, Polen\u00a0<\/div>\n            <div class=\"fun_clr mb-10px\"><\/div>\n            \n                        <div class=\"fun_tel\"> <img decoding=\"async\" src=\"https:\/\/plsn.eu\/wp-content\/themes\/fundusze\/assets\/images\/email.png\" class=\"icon\" alt=\"E-Mail-Adresse\"><\/div>\n            <div class=\"fun_tel_new\"><a href=\"mailto:kontakt@plsn.eu\">kontakt@plsn.eu<\/a>\n              <br>\n            <\/div>\n                      <\/div>\n        <\/div>\n        <div class=\"fun_clr\"><\/div>\n      <\/div>\n    <\/div>\n  <\/div>\n  <\/div>\n\n\n\n<\/div>\n\n\n\n<div class=\"wp-block-column is-layout-flow wp-block-column-is-layout-flow\">\n<iframe src=\"https:\/\/www.google.com\/maps\/embed?pb=!1m18!1m12!1m3!1d2504.859773280745!2d17.027817477154755!3d51.111047339580026!2m3!1f0!2f0!3f0!3m2!1i1024!2i768!4f13.1!3m3!1m2!1s0x470fc2756cf5acd9%3A0xb15005a7eb851d25!2sWsp%C3%B3lny%20Sekretariat%2FGemeinsames%20Sekretariat%20Interreg%20Polska-Sachsen!5e0!3m2!1spl!2spl!4v1732188968933!5m2!1spl!2spl\" width=\"600\" height=\"450\" style=\"border:0;\" allowfullscreen=\"\" loading=\"lazy\" referrerpolicy=\"no-referrer-when-downgrade\"><\/iframe>\n<\/div>\n<\/div>\n\n\n\n<div style=\"height:48px\" aria-hidden=\"true\" class=\"wp-block-spacer\"><\/div>\n\n\n\n<figure class=\"wp-block-image size-full\"><img loading=\"lazy\" decoding=\"async\" width=\"940\" height=\"788\" src=\"https:\/\/plsn.eu\/wp-content\/uploads\/2025\/11\/WS-team.jpg\" alt=\"\" class=\"wp-image-38346\" srcset=\"https:\/\/plsn.eu\/wp-content\/uploads\/2025\/11\/WS-team.jpg 940w, https:\/\/plsn.eu\/wp-content\/uploads\/2025\/11\/WS-team-300x251.jpg 300w, https:\/\/plsn.eu\/wp-content\/uploads\/2025\/11\/WS-team-768x644.jpg 768w\" sizes=\"auto, (max-width: 940px) 100vw, 940px\" \/><\/figure>\n\n\n\n<div style=\"height:48px\" aria-hidden=\"true\" class=\"wp-block-spacer\"><\/div>\n\n\n\n<h2 class=\"wp-block-heading\"><strong>Gesch\u00e4ftsleiterin des Gemeinsamen Sekretariats<\/strong><\/h2>\n\n\n\n<div class=\"row\">\n      <div class=\" col-xxl-12 col-xl-12 col-lg-12  col-md-6 main_sec\">\n    <div class=\"main_sec_box\">\n      <div class=\"fun_info_box\" data-punkty-map=\"0\">\n        <div class=\"fun_info_top\">\n                    <div class=\"fun_event_title1\">Paulina Maloy<\/div>\n          \n          \n        <\/div>\n\n        <div class=\"fun_clr\"><\/div>\n\n        <div class=\"fun_info_all\">\n\n\n        <div class=\"fun_info_left_tel\">\n                        <div class=\"fun_tel\"> <img decoding=\"async\" src=\"https:\/\/plsn.eu\/wp-content\/themes\/fundusze\/assets\/images\/call.png\" class=\"icon\" alt=\"Telefonnummer\"><\/div>\n            <div class=\"fun_tel_new\">\n            <div class=\"w-100\">\n              \n\n                  <a href=\"tel:+ 48 71 7580 980\">\n                    + 48 71 7580 980                  <\/a>\n                  <br>\n\n\n                              <\/div>\n              <\/div>\n                      <\/div>\n\n\n          <div class=\"fun_info_right_address\">\n\n            \n                        <div class=\"fun_tel\"> <img decoding=\"async\" src=\"https:\/\/plsn.eu\/wp-content\/themes\/fundusze\/assets\/images\/email.png\" class=\"icon\" alt=\"E-Mail-Adresse\"><\/div>\n            <div class=\"fun_tel_new\"><a href=\"mailto:paulina.maloy@plsn.eu\">paulina.maloy@plsn.eu<\/a>\n              <br>\n            <\/div>\n                      <\/div>\n        <\/div>\n        <div class=\"fun_clr\"><\/div>\n      <\/div>\n    <\/div>\n  <\/div>\n  <\/div>\n\n\n\n\n\n\n<h2 class=\"wp-block-heading\">S<strong>tellv.&nbsp;Gesch\u00e4ftsleiterin des GS<\/strong><\/h2>\n\n\n\n<div class=\"row\">\n      <div class=\" col-xxl-12 col-xl-12 col-lg-12  col-md-6 main_sec\">\n    <div class=\"main_sec_box\">\n      <div class=\"fun_info_box\" data-punkty-map=\"0\">\n        <div class=\"fun_info_top\">\n                    <div class=\"fun_event_title1\">Dr. Magdalena Dunikowska<\/div>\n          \n          \n        <\/div>\n\n        <div class=\"fun_clr\"><\/div>\n\n        <div class=\"fun_info_all\">\n\n\n        <div class=\"fun_info_left_tel\">\n                        <div class=\"fun_tel\"> <img decoding=\"async\" src=\"https:\/\/plsn.eu\/wp-content\/themes\/fundusze\/assets\/images\/call.png\" class=\"icon\" alt=\"Telefonnummer\"><\/div>\n            <div class=\"fun_tel_new\">\n            <div class=\"w-100\">\n              \n\n                  <a href=\"tel:+ 48 71 7580 959 \">\n                    + 48 71 7580 959                   <\/a>\n                  <br>\n\n\n              \n\n                  <a href=\"tel:Mobil + 48 782 110 231\">\n                    Mobil + 48 782 110 231                  <\/a>\n                  <br>\n\n\n                              <\/div>\n              <\/div>\n                      <\/div>\n\n\n          <div class=\"fun_info_right_address\">\n\n            \n                        <div class=\"fun_tel\"> <img decoding=\"async\" src=\"https:\/\/plsn.eu\/wp-content\/themes\/fundusze\/assets\/images\/email.png\" class=\"icon\" alt=\"E-Mail-Adresse\"><\/div>\n            <div class=\"fun_tel_new\"><a href=\"mailto:magdalena.dunikowska@plsn.eu\">magdalena.dunikowska@plsn.eu<\/a>\n              <br>\n            <\/div>\n                      <\/div>\n        <\/div>\n        <div class=\"fun_clr\"><\/div>\n      <\/div>\n    <\/div>\n  <\/div>\n  <\/div>\n\n\n\n\n\n\n<h2 class=\"wp-block-heading\"><strong>Projektkoordinatoren\/ Projektkoordinatorinnen<\/strong><\/h2>\n\n\n\n<div class=\"wp-block-columns is-layout-flex wp-container-core-columns-is-layout-9d6595d7 wp-block-columns-is-layout-flex\">\n<div class=\"wp-block-column is-layout-flow wp-block-column-is-layout-flow\">\n<div class=\"row\">\n      <div class=\" col-xxl-6 col-xl-6 col-lg-6  col-md-6 main_sec\">\n    <div class=\"main_sec_box\">\n      <div class=\"fun_info_box\" data-punkty-map=\"0\">\n        <div class=\"fun_info_top\">\n                    <div class=\"fun_event_title1\">Iwona Chotja<\/div>\n          \n          \n        <\/div>\n\n        <div class=\"fun_clr\"><\/div>\n\n        <div class=\"fun_info_all\">\n\n\n        <div class=\"fun_info_left_tel\">\n                        <div class=\"fun_tel\"> <img decoding=\"async\" src=\"https:\/\/plsn.eu\/wp-content\/themes\/fundusze\/assets\/images\/call.png\" class=\"icon\" alt=\"Telefonnummer\"><\/div>\n            <div class=\"fun_tel_new\">\n            <div class=\"w-100\">\n              \n\n                  <a href=\"tel:+ 48 71 3080 676\">\n                    + 48 71 3080 676                  <\/a>\n                  <br>\n\n\n              \n\n                  <a href=\"tel:Mobil +48 532 443 802\">\n                    Mobil +48 532 443 802                  <\/a>\n                  <br>\n\n\n                              <\/div>\n              <\/div>\n                      <\/div>\n\n\n          <div class=\"fun_info_right_address\">\n\n            \n                        <div class=\"fun_tel\"> <img decoding=\"async\" src=\"https:\/\/plsn.eu\/wp-content\/themes\/fundusze\/assets\/images\/email.png\" class=\"icon\" alt=\"E-Mail-Adresse\"><\/div>\n            <div class=\"fun_tel_new\"><a href=\"mailto:iwona.chotja@plsn.eu\u2028\u2028\">iwona.chotja@plsn.eu\u2028\u2028<\/a>\n              <br>\n            <\/div>\n                      <\/div>\n        <\/div>\n        <div class=\"fun_clr\"><\/div>\n      <\/div>\n    <\/div>\n  <\/div>\n      <div class=\" col-xxl-6 col-xl-6 col-lg-6  col-md-6 main_sec\">\n    <div class=\"main_sec_box\">\n      <div class=\"fun_info_box\" data-punkty-map=\"1\">\n        <div class=\"fun_info_top\">\n                    <div class=\"fun_event_title1\">Dr. Karolina Jara<\/div>\n          \n          \n        <\/div>\n\n        <div class=\"fun_clr\"><\/div>\n\n        <div class=\"fun_info_all\">\n\n\n        <div class=\"fun_info_left_tel\">\n                      <\/div>\n\n\n          <div class=\"fun_info_right_address\">\n\n            \n                        <div class=\"fun_tel\"> <img decoding=\"async\" src=\"https:\/\/plsn.eu\/wp-content\/themes\/fundusze\/assets\/images\/email.png\" class=\"icon\" alt=\"E-Mail-Adresse\"><\/div>\n            <div class=\"fun_tel_new\"><a href=\"mailto:karolina.jara@plsn.eu\">karolina.jara@plsn.eu<\/a>\n              <br>\n            <\/div>\n                      <\/div>\n        <\/div>\n        <div class=\"fun_clr\"><\/div>\n      <\/div>\n    <\/div>\n  <\/div>\n      <div class=\" col-xxl-6 col-xl-6 col-lg-6  col-md-6 main_sec\">\n    <div class=\"main_sec_box\">\n      <div class=\"fun_info_box\" data-punkty-map=\"2\">\n        <div class=\"fun_info_top\">\n                    <div class=\"fun_event_title1\">Joanna Krasowska<\/div>\n          \n          \n        <\/div>\n\n        <div class=\"fun_clr\"><\/div>\n\n        <div class=\"fun_info_all\">\n\n\n        <div class=\"fun_info_left_tel\">\n                        <div class=\"fun_tel\"> <img decoding=\"async\" src=\"https:\/\/plsn.eu\/wp-content\/themes\/fundusze\/assets\/images\/call.png\" class=\"icon\" alt=\"Telefonnummer\"><\/div>\n            <div class=\"fun_tel_new\">\n            <div class=\"w-100\">\n              \n\n                  <a href=\"tel:+ 48 71 7580 975\">\n                    + 48 71 7580 975                  <\/a>\n                  <br>\n\n\n              \n\n                  <a href=\"tel:Mobil + 48 532 443 804\">\n                    Mobil + 48 532 443 804                  <\/a>\n                  <br>\n\n\n                              <\/div>\n              <\/div>\n                      <\/div>\n\n\n          <div class=\"fun_info_right_address\">\n\n            \n                        <div class=\"fun_tel\"> <img decoding=\"async\" src=\"https:\/\/plsn.eu\/wp-content\/themes\/fundusze\/assets\/images\/email.png\" class=\"icon\" alt=\"E-Mail-Adresse\"><\/div>\n            <div class=\"fun_tel_new\"><a href=\"mailto:joanna.krasowska@plsn.eu\">joanna.krasowska@plsn.eu<\/a>\n              <br>\n            <\/div>\n                      <\/div>\n        <\/div>\n        <div class=\"fun_clr\"><\/div>\n      <\/div>\n    <\/div>\n  <\/div>\n      <div class=\" col-xxl-6 col-xl-6 col-lg-6  col-md-6 main_sec\">\n    <div class=\"main_sec_box\">\n      <div class=\"fun_info_box\" data-punkty-map=\"3\">\n        <div class=\"fun_info_top\">\n                    <div class=\"fun_event_title1\">Dorota Patrza\u0142ek<\/div>\n          \n          \n        <\/div>\n\n        <div class=\"fun_clr\"><\/div>\n\n        <div class=\"fun_info_all\">\n\n\n        <div class=\"fun_info_left_tel\">\n                        <div class=\"fun_tel\"> <img decoding=\"async\" src=\"https:\/\/plsn.eu\/wp-content\/themes\/fundusze\/assets\/images\/call.png\" class=\"icon\" alt=\"Telefonnummer\"><\/div>\n            <div class=\"fun_tel_new\">\n            <div class=\"w-100\">\n              \n\n                  <a href=\"tel:+ 48 71 7580 967 \">\n                    + 48 71 7580 967                   <\/a>\n                  <br>\n\n\n              \n\n                  <a href=\"tel:Mobil +48 782 110 103\">\n                    Mobil +48 782 110 103                  <\/a>\n                  <br>\n\n\n                              <\/div>\n              <\/div>\n                      <\/div>\n\n\n          <div class=\"fun_info_right_address\">\n\n            \n                        <div class=\"fun_tel\"> <img decoding=\"async\" src=\"https:\/\/plsn.eu\/wp-content\/themes\/fundusze\/assets\/images\/email.png\" class=\"icon\" alt=\"E-Mail-Adresse\"><\/div>\n            <div class=\"fun_tel_new\"><a href=\"mailto:dorota.patrzalek@plsn.eu\">dorota.patrzalek@plsn.eu<\/a>\n              <br>\n            <\/div>\n                      <\/div>\n        <\/div>\n        <div class=\"fun_clr\"><\/div>\n      <\/div>\n    <\/div>\n  <\/div>\n      <div class=\" col-xxl-6 col-xl-6 col-lg-6  col-md-6 main_sec\">\n    <div class=\"main_sec_box\">\n      <div class=\"fun_info_box\" data-punkty-map=\"4\">\n        <div class=\"fun_info_top\">\n                    <div class=\"fun_event_title1\">Ma\u0142gorzata Terpi\u0142owska<\/div>\n          \n          \n        <\/div>\n\n        <div class=\"fun_clr\"><\/div>\n\n        <div class=\"fun_info_all\">\n\n\n        <div class=\"fun_info_left_tel\">\n                        <div class=\"fun_tel\"> <img decoding=\"async\" src=\"https:\/\/plsn.eu\/wp-content\/themes\/fundusze\/assets\/images\/call.png\" class=\"icon\" alt=\"Telefonnummer\"><\/div>\n            <div class=\"fun_tel_new\">\n            <div class=\"w-100\">\n              \n\n                  <a href=\"tel:+ 48 71 7580 981 \">\n                    + 48 71 7580 981                   <\/a>\n                  <br>\n\n\n              \n\n                  <a href=\"tel:Mobil + 48 725 235 414\">\n                    Mobil + 48 725 235 414                  <\/a>\n                  <br>\n\n\n                              <\/div>\n              <\/div>\n                      <\/div>\n\n\n          <div class=\"fun_info_right_address\">\n\n            \n                        <div class=\"fun_tel\"> <img decoding=\"async\" src=\"https:\/\/plsn.eu\/wp-content\/themes\/fundusze\/assets\/images\/email.png\" class=\"icon\" alt=\"E-Mail-Adresse\"><\/div>\n            <div class=\"fun_tel_new\"><a href=\"mailto:malgorzata.terpilowska@plsn.eu\">malgorzata.terpilowska@plsn.eu<\/a>\n              <br>\n            <\/div>\n                      <\/div>\n        <\/div>\n        <div class=\"fun_clr\"><\/div>\n      <\/div>\n    <\/div>\n  <\/div>\n  <\/div>\n\n\n\n<\/div>\n<\/div>\n\n\n\n<h2 class=\"wp-block-heading\"><strong>\u00d6ffentlichkeitsarbeit<\/strong><\/h2>\n\n\n\n<div class=\"row\">\n      <div class=\" col-xxl-12 col-xl-12 col-lg-12  col-md-6 main_sec\">\n    <div class=\"main_sec_box\">\n      <div class=\"fun_info_box\" data-punkty-map=\"0\">\n        <div class=\"fun_info_top\">\n                    <div class=\"fun_event_title1\">Anna Gibek<\/div>\n          \n          \n        <\/div>\n\n        <div class=\"fun_clr\"><\/div>\n\n        <div class=\"fun_info_all\">\n\n\n        <div class=\"fun_info_left_tel\">\n                        <div class=\"fun_tel\"> <img decoding=\"async\" src=\"https:\/\/plsn.eu\/wp-content\/themes\/fundusze\/assets\/images\/call.png\" class=\"icon\" alt=\"Telefonnummer\"><\/div>\n            <div class=\"fun_tel_new\">\n            <div class=\"w-100\">\n              \n\n                  <a href=\"tel:+ 48 71 7580 937 \">\n                    + 48 71 7580 937                   <\/a>\n                  <br>\n\n\n              \n\n                  <a href=\"tel:Mobil + 48 782 110 237\">\n                    Mobil + 48 782 110 237                  <\/a>\n                  <br>\n\n\n                              <\/div>\n              <\/div>\n                      <\/div>\n\n\n          <div class=\"fun_info_right_address\">\n\n            \n                        <div class=\"fun_tel\"> <img decoding=\"async\" src=\"https:\/\/plsn.eu\/wp-content\/themes\/fundusze\/assets\/images\/email.png\" class=\"icon\" alt=\"E-Mail-Adresse\"><\/div>\n            <div class=\"fun_tel_new\"><a href=\"mailto:anna.gibek@plsn.eu\">anna.gibek@plsn.eu<\/a>\n              <br>\n            <\/div>\n                      <\/div>\n        <\/div>\n        <div class=\"fun_clr\"><\/div>\n      <\/div>\n    <\/div>\n  <\/div>\n  <\/div>\n\n\n\n\n\n\n<h2 class=\"wp-block-heading\"><strong>Finanzen<\/strong><\/h2>\n\n\n\n\n\n\n\n<div class=\"row\">\n      <div class=\" col-xxl-12 col-xl-12 col-lg-12  col-md-6 main_sec\">\n    <div class=\"main_sec_box\">\n      <div class=\"fun_info_box\" data-punkty-map=\"0\">\n        <div class=\"fun_info_top\">\n                    <div class=\"fun_event_title1\">Anna Palac<\/div>\n          \n          \n        <\/div>\n\n        <div class=\"fun_clr\"><\/div>\n\n        <div class=\"fun_info_all\">\n\n\n        <div class=\"fun_info_left_tel\">\n                        <div class=\"fun_tel\"> <img decoding=\"async\" src=\"https:\/\/plsn.eu\/wp-content\/themes\/fundusze\/assets\/images\/call.png\" class=\"icon\" alt=\"Telefonnummer\"><\/div>\n            <div class=\"fun_tel_new\">\n            <div class=\"w-100\">\n              \n\n                  <a href=\"tel:+ 48 71 7580 958\">\n                    + 48 71 7580 958                  <\/a>\n                  <br>\n\n\n                              <\/div>\n              <\/div>\n                      <\/div>\n\n\n          <div class=\"fun_info_right_address\">\n\n            \n                        <div class=\"fun_tel\"> <img decoding=\"async\" src=\"https:\/\/plsn.eu\/wp-content\/themes\/fundusze\/assets\/images\/email.png\" class=\"icon\" alt=\"E-Mail-Adresse\"><\/div>\n            <div class=\"fun_tel_new\"><a href=\"mailto:anna.palac@plsn.eu\">anna.palac@plsn.eu<\/a>\n              <br>\n            <\/div>\n                      <\/div>\n        <\/div>\n        <div class=\"fun_clr\"><\/div>\n      <\/div>\n    <\/div>\n  <\/div>\n  <\/div>\n\n\n\n\n\n\n<h2 class=\"wp-block-heading\"><strong>Verwaltung<\/strong><\/h2>\n\n\n\n<div class=\"row\">\n      <div class=\" col-xxl-12 col-xl-12 col-lg-12  col-md-6 main_sec\">\n    <div class=\"main_sec_box\">\n      <div class=\"fun_info_box\" data-punkty-map=\"0\">\n        <div class=\"fun_info_top\">\n                    <div class=\"fun_event_title1\">Anna Zaj\u0105czkowska<\/div>\n          \n          \n        <\/div>\n\n        <div class=\"fun_clr\"><\/div>\n\n        <div class=\"fun_info_all\">\n\n\n        <div class=\"fun_info_left_tel\">\n                        <div class=\"fun_tel\"> <img decoding=\"async\" src=\"https:\/\/plsn.eu\/wp-content\/themes\/fundusze\/assets\/images\/call.png\" class=\"icon\" alt=\"Telefonnummer\"><\/div>\n            <div class=\"fun_tel_new\">\n            <div class=\"w-100\">\n              \n\n                  <a href=\"tel:+ 48 71 7580 980\">\n                    + 48 71 7580 980                  <\/a>\n                  <br>\n\n\n                              <\/div>\n              <\/div>\n                      <\/div>\n\n\n          <div class=\"fun_info_right_address\">\n\n            \n                        <div class=\"fun_tel\"> <img decoding=\"async\" src=\"https:\/\/plsn.eu\/wp-content\/themes\/fundusze\/assets\/images\/email.png\" class=\"icon\" alt=\"E-Mail-Adresse\"><\/div>\n            <div class=\"fun_tel_new\"><a href=\"mailto:anna.zajaczkowska@plsn.eu\">anna.zajaczkowska@plsn.eu<\/a>\n              <br>\n            <\/div>\n                      <\/div>\n        <\/div>\n        <div class=\"fun_clr\"><\/div>\n      <\/div>\n    <\/div>\n  <\/div>\n  <\/div>\n\n\n\n\n\n\n<div class=\"wp-block-columns is-layout-flex wp-container-core-columns-is-layout-9d6595d7 wp-block-columns-is-layout-flex\">\n<div class=\"wp-block-column is-layout-flow wp-block-column-is-layout-flow\"><\/div>\n\n\n\n<div class=\"wp-block-column is-layout-flow wp-block-column-is-layout-flow\"><\/div>\n<\/div>\n\n\n\n\n\n\n\n<div class=\"wp-block-columns is-layout-flex wp-container-core-columns-is-layout-9d6595d7 wp-block-columns-is-layout-flex\">\n<div class=\"wp-block-column is-layout-flow wp-block-column-is-layout-flow\" style=\"flex-basis:100%\">\n\n<\/div>\n<\/div>\n","protected":false},"excerpt":{"rendered":"<p>Gesch\u00e4ftsleiterin des Gemeinsamen Sekretariats Stellv.&nbsp;Gesch\u00e4ftsleiterin des GS Projektkoordinatoren\/ Projektkoordinatorinnen \u00d6ffentlichkeitsarbeit Finanzen Verwaltung<\/p>\n","protected":false},"author":1,"featured_media":0,"parent":31037,"menu_order":1,"comment_status":"closed","ping_status":"closed","template":"","meta":{"_acf_changed":false,"inline_featured_image":false,"_themeisle_gutenberg_block_has_review":false,"footnotes":"","_links_to":"","_links_to_target":""},"class_list":["post-31041","page","type-page","status-publish","hentry"],"acf":[],"_links":{"self":[{"href":"https:\/\/plsn.eu\/de\/wp-json\/wp\/v2\/pages\/31041","targetHints":{"allow":["GET"]}}],"collection":[{"href":"https:\/\/plsn.eu\/de\/wp-json\/wp\/v2\/pages"}],"about":[{"href":"https:\/\/plsn.eu\/de\/wp-json\/wp\/v2\/types\/page"}],"author":[{"embeddable":true,"href":"https:\/\/plsn.eu\/de\/wp-json\/wp\/v2\/users\/1"}],"replies":[{"embeddable":true,"href":"https:\/\/plsn.eu\/de\/wp-json\/wp\/v2\/comments?post=31041"}],"version-history":[{"count":25,"href":"https:\/\/plsn.eu\/de\/wp-json\/wp\/v2\/pages\/31041\/revisions"}],"predecessor-version":[{"id":39492,"href":"https:\/\/plsn.eu\/de\/wp-json\/wp\/v2\/pages\/31041\/revisions\/39492"}],"up":[{"embeddable":true,"href":"https:\/\/plsn.eu\/de\/wp-json\/wp\/v2\/pages\/31037"}],"wp:attachment":[{"href":"https:\/\/plsn.eu\/de\/wp-json\/wp\/v2\/media?parent=31041"}],"curies":[{"name":"wp","href":"https:\/\/api.w.org\/{rel}","templated":true}]}}