{"id":32307,"date":"2024-12-30T10:41:23","date_gmt":"2024-12-30T09:41:23","guid":{"rendered":"https:\/\/plsn.eu\/?page_id=32307"},"modified":"2025-02-21T12:55:05","modified_gmt":"2025-02-21T11:55:05","slug":"strategische-projekte","status":"publish","type":"page","link":"https:\/\/plsn.eu\/de\/unsere-projekte\/strategische-projekte\/","title":{"rendered":"Strategische Projekte"},"content":{"rendered":"\n<div class=\"wp-block-columns is-layout-flex wp-container-core-columns-is-layout-9d6595d7 wp-block-columns-is-layout-flex\">\n<div class=\"wp-block-column is-layout-flow wp-block-column-is-layout-flow\" style=\"flex-basis:66.66%\"><\/div>\n\n\n\n<div class=\"wp-block-column is-layout-flow wp-block-column-is-layout-flow\" style=\"flex-basis:33.33%\"><\/div>\n<\/div>\n\n\n\n<h2 class=\"wp-block-heading\">Strategische Projekte<\/h2>\n\n\n\n<p>In unserem Kooperationsprogramm m\u00fcssen <strong>strategische Projekte<\/strong> (Vorhaben von strategischer Bedeutung) besondere, zus\u00e4tzliche Kriterien erf\u00fcllen, u.a. m\u00fcssen sie einen positiven und langfristigen Einfluss auf das gesamte F\u00f6rdergebiet bzw. auf den \u00fcberwiegenden Teil des gemeinsamen F\u00f6rdergebiets aus\u00fcben und L\u00f6sungen bzw. L\u00f6sungsans\u00e4tze zur Bew\u00e4ltigung von aktuellen, relevanten Problemen\/Herausforderungen anbieten.<\/p>\n\n\n\n<p>Der Begleitausschuss des Programms hat folgenden Projekten den Status eines strategischen Projektes verliehen:<\/p>\n\n\n\n<div id=\"wp-block-themeisle-blocks-accordion-b70bc20c\" class=\"wp-block-themeisle-blocks-accordion exclusive\">\n<details class=\"wp-block-themeisle-blocks-accordion-item\"><summary class=\"wp-block-themeisle-blocks-accordion-item__title\"><div><strong>Burgen und Schl\u00f6sser verbinden uns Polen-Deutschland<\/strong> <br><em>(spezifisches Ziel 2.2 St\u00e4rkung der Rolle von Kultur und nachhaltigem Tourismus f\u00fcr die Wirtschaftsentwicklung, soziale Inklusion und soziale Innovation)<\/em><\/div><\/summary><div class=\"wp-block-themeisle-blocks-accordion-item__content\">\n<p>Lead-Partner: Dolno\u015bl\u0105ska Organizacja Turystyczna<\/p>\n\n\n\n<p>Projektpartner: Marketing-Gesellschaft Oberlausitz-Niederschlesien mbH<\/p>\n\n\n\n<p>Das Hauptziel des Projekts ist die Entwicklung und Umsetzung eines Strategie-\/Aktionsplans, der dazu dient, ein grenz\u00fcberschreitendes Kooperationsnetzwerk zu schaffen, zu entwickeln und zu f\u00f6rdern, das darauf abzielt, das bestehende touristische Produkt unter der Marke \u201eEurop\u00e4ische Route der Burgen und Schl\u00f6sser\u201c zu erweitern.<\/p>\n\n\n\n<p><a href=\"https:\/\/oberlausitz.business\/projekte\/interreg-burgen-schloesser\" rel=\"nofollow noopener\" target=\"_blank\">Kooperationsprogramm: Interreg Polen \u2013 Sachsen 2021-2027 Burgen und Schl\u00f6sser verbinden uns Polen-Deutschland<\/a><\/p>\n<\/div><\/details>\n\n\n\n<details class=\"wp-block-themeisle-blocks-accordion-item\"><summary class=\"wp-block-themeisle-blocks-accordion-item__title\"><div><strong>Gr\u00fcne Zukunft des Grenzraumes<\/strong> <br><em>(spezifisches Ziel 3.1. Weitere Ma\u00dfnahmen zur Unterst\u00fctzung von \u201eBessere Governance in Bezug auf die Zusammenarbeit\u201c)<\/em><\/div><\/summary><div class=\"wp-block-themeisle-blocks-accordion-item__content\">\n<p>Lead-Partner: Karkonoska Agencja Rozwoju Regionalnego S.A.<\/p>\n\n\n\n<p>Projektpartner: Technologie- und Gr\u00fcnderzentrum Bautzen Gesellschaft mit beschr\u00e4nkter Haftung, Hochschule Zittau\/G\u00f6rlitz<\/p>\n\n\n\n<p>Das Hauptziel des Projekts ist es, die Chancen und M\u00f6glichkeiten, die sich aus dem Strukturwandel im Bereich der Energiewende ergeben, zur Vertiefung der grenz\u00fcberschreitenden Zusammenarbeit im deutsch-polnischen Grenzraum zu nutzen.<\/p>\n\n\n\n<p><a href=\"https:\/\/tgz-bautzen.de\/projekte\/gruene-zukunft-des-grenzraums\/\" rel=\"nofollow noopener\" target=\"_blank\">Gr\u00fcne Zukunft des Grenzraums &#8211; Technologie- u. Gr\u00fcnderzentrum Bautzen<\/a><\/p>\n<\/div><\/details>\n\n\n\n<details class=\"wp-block-themeisle-blocks-accordion-item\"><summary class=\"wp-block-themeisle-blocks-accordion-item__title\"><div><strong>smartENT &#8211; Entwicklung des Euro-Nei\u00dfe-Tickets und M\u00f6glichkeiten der \u00d6PNV-Integration im s\u00e4chsisch-niederschlesischen Verflechtungsraum<\/strong> <br><em>(spezifisches Ziel 3.1. Weitere Ma\u00dfnahmen zur Unterst\u00fctzung von \u201eBessere Governance in Bezug auf die Zusammenarbeit\u201c)<\/em><\/div><\/summary><div class=\"wp-block-themeisle-blocks-accordion-item__content\">\n<p>Lead-Partner: Verkehrsverbund Oberlausitz-Niederschlesien GmbH<\/p>\n\n\n\n<p>Projektpartner: Koleje Dolno\u015bl\u0105skie S.A., Wojew\u00f3dztwo Dolno\u015bl\u0105skie \u2014 Instytut Rozwoju Terytorialnego (Institut f\u00fcr territoriale Entwicklung)<\/p>\n\n\n\n<p>Ziel des Projektes ist es, die Nutzung des grenz\u00fcberschreitenden \u00f6ffentlichen Verkehrs im s\u00e4chsisch-niederschlesischen Verflechtungsraum deutlich zu erleichtern.<\/p>\n<\/div><\/details>\n<\/div>\n\n\n\r\n<div class=\"\">\r\n  <!-- Documents -->\r\n\r\n      <ul class=\"row list-unstyled\">\r\n    \r\n    <li class=\"document-list\">\r\n      <div class=\"col-lg-12 col-12\">\r\n        <div class=\"document-list__element document-list__element--border row align-items-start\">\r\n          <div class=\"col-1\">\r\n            <input class=\"downloadFiles_1744 document-list__element--check-input form-check-input\"\r\n              data-file=\"https:\/\/plsn.eu\/wp-content\/uploads\/2025\/01\/Bewertungsformular-fur-ein-strategisches-Projekt.pdf\" type=\"checkbox\"\r\n              id=\"dlcstatus17440tlt1744\"\r\n              aria-label=\"Zaznacz do pobrania Bewertungskriterien f\u00fcr ein strategisches Projekt\"\r\n              onclick=\"disableToggleAll('status1744');\">\r\n          <\/div>\r\n          <div class=\"col-11\">\r\n            <div class=\"row\">\r\n              <div class=\"col-8\">\r\n                <a href=\"https:\/\/plsn.eu\/wp-content\/uploads\/2025\/01\/Bewertungsformular-fur-ein-strategisches-Projekt.pdf\" target=\"_blank\">\r\n                  <span class=\"visually-hidden\">Vorschau<\/span>\r\n                  <h3 class=\"col-12 document-list__element--title\">Bewertungskriterien f\u00fcr ein strategisches Projekt                  <\/h3>\r\n                <\/a>\r\n              <\/div>\r\n              <div class=\"col-4 d-flex align-items-start justify-content-end download-btn-col\">\r\n                <a href=\"https:\/\/plsn.eu\/wp-content\/uploads\/2025\/01\/Bewertungsformular-fur-ein-strategisches-Projekt.pdf\" target=\"_blank\" class=\"download-wrapper\" download>\r\n                  <span class=\"d-block download-wrapper--icon \">\r\n                    <svg width=\"19\" height=\"23\" viewBox=\"0 0 19 23\" fill=\"none\" xmlns=\"http:\/\/www.w3.org\/2000\/svg\">\r\n                      <path fill-rule=\"evenodd\" clip-rule=\"evenodd\"\r\n                        d=\"M2.37498 15.8125C2.81221 15.8125 3.16665 16.1343 3.16665 16.5312V19.4062C3.16665 19.5969 3.25005 19.7797 3.39852 19.9145C3.54699 20.0493 3.74835 20.125 3.95831 20.125H15.0416C15.2516 20.125 15.453 20.0493 15.6014 19.9145C15.7499 19.7797 15.8333 19.5969 15.8333 19.4062V16.5312C15.8333 16.1343 16.1878 15.8125 16.625 15.8125C17.0622 15.8125 17.4166 16.1343 17.4166 16.5312V19.4062C17.4166 19.9781 17.1664 20.5266 16.721 20.9309C16.2756 21.3353 15.6715 21.5625 15.0416 21.5625H3.95831C3.32842 21.5625 2.72433 21.3353 2.27893 20.9309C1.83354 20.5266 1.58331 19.9781 1.58331 19.4062V16.5312C1.58331 16.1343 1.93775 15.8125 2.37498 15.8125Z\"\r\n                        fill=\"#FF5F20\"><\/path>\r\n                      <path fill-rule=\"evenodd\" clip-rule=\"evenodd\"\r\n                        d=\"M4.98187 12.4293C5.29104 12.1486 5.79229 12.1486 6.10146 12.4293L9.5 15.5148L12.8985 12.4293C13.2077 12.1486 13.709 12.1486 14.0181 12.4293C14.3273 12.71 14.3273 13.165 14.0181 13.4457L10.0598 17.0395C9.75063 17.3202 9.24937 17.3202 8.94021 17.0395L4.98187 13.4457C4.67271 13.165 4.67271 12.71 4.98187 12.4293Z\"\r\n                        fill=\"#FF5F20\"><\/path>\r\n                      <path fill-rule=\"evenodd\" clip-rule=\"evenodd\"\r\n                        d=\"M9.49998 1.4375C9.9372 1.4375 10.2916 1.7593 10.2916 2.15625V9.34375C10.2916 9.7407 9.9372 10.0625 9.49998 10.0625C9.06275 10.0625 8.70831 9.7407 8.70831 9.34375V2.15625C8.70831 1.7593 9.06275 1.4375 9.49998 1.4375Z\"\r\n                        fill=\"#FF5F20\"><\/path>\r\n                    <\/svg>\r\n                  <\/span>\r\n                  <span class=\"visually-hidden\">Pobierz do pliku                    Bewertungskriterien f\u00fcr ein strategisches Projekt<\/span>\r\n                  <span\r\n                    class=\"download_txt_scr download-wrapper--text text-medium-2 text-uppercase download-wrapper--text--dark-blue  d-none d-sm-block d-sm-none d-md-block \">\r\n                    Herunterladen                  <\/span>\r\n                <\/a>\r\n              <\/div>\r\n            <\/div>\r\n\r\n            <div class=\"row\">\r\n              <div class=\"col-10\">\r\n                <div class=\"row\">\r\n\r\n                  <div\r\n                    class=\"col-12 document-list__element__desc document-list__element__desc__shorter document-list__element__desc--date document-list__element__desc--d-none\">\r\n                    <span>pdf<\/span>\r\n                                        <span>149.16 KB<\/span>\r\n                    \r\n\r\n\r\n                  <\/div>\r\n\r\n                  <div\r\n                    class=\"row document-list__element__desc document-list__element__desc--date document-list__element__desc--m-none\">\r\n                    <div class=\"col-12\">\r\n                      <span>pdf<\/span>\r\n                      <svg width=\"2\" height=\"2\" viewBox=\"0 0 2 2\" fill=\"none\" xmlns=\"http:\/\/www.w3.org\/2000\/svg\"\r\n                        class=\"document-list__element__desc--dot-separator\">\r\n                        <circle cx=\"1\" cy=\"1\" r=\"1\" fill=\"#4F4F4F\"><\/circle>\r\n                      <\/svg>\r\n\r\n                      \r\n                      <span>149.16 KB<\/span>                    <\/div>\r\n                    <div class=\"col-12 mt-5px\">\r\n\r\n                      \r\n                    <\/div>\r\n                  <\/div>\r\n\r\n\r\n                <\/div>\r\n                                <div class=\"row\">\r\n                  <div class=\"col-12 document-list__element__desc document-list__element__desc__additional align-items-center\">\r\n\r\n\r\n                    \r\n                    \r\n                    \r\n                                      <\/div>\r\n\r\n                <\/div>\r\n\r\n              <\/div>\r\n\r\n              \r\n            <\/div>\r\n          <\/div>\r\n        <\/div>\r\n      <\/div>\r\n    <\/li>\r\n          <\/ul>\r\n\r\n  \r\n\r\n  <!-- \/Documents -->\r\n<\/div>\r\n","protected":false},"excerpt":{"rendered":"<p>Strategische Projekte In unserem Kooperationsprogramm m\u00fcssen strategische Projekte (Vorhaben von strategischer Bedeutung) besondere, zus\u00e4tzliche Kriterien erf\u00fcllen, u.a. m\u00fcssen sie einen positiven und langfristigen Einfluss auf das gesamte F\u00f6rdergebiet bzw. auf den \u00fcberwiegenden Teil des gemeinsamen F\u00f6rdergebiets aus\u00fcben und L\u00f6sungen bzw. L\u00f6sungsans\u00e4tze zur Bew\u00e4ltigung von aktuellen, relevanten Problemen\/Herausforderungen anbieten. Der Begleitausschuss des Programms hat folgenden Projekten [&hellip;]<\/p>\n","protected":false},"author":24,"featured_media":32306,"parent":31309,"menu_order":3,"comment_status":"closed","ping_status":"closed","template":"","meta":{"_acf_changed":false,"inline_featured_image":false,"_themeisle_gutenberg_block_has_review":false,"footnotes":"","_links_to":"","_links_to_target":""},"class_list":["post-32307","page","type-page","status-publish","has-post-thumbnail","hentry"],"acf":[],"_links":{"self":[{"href":"https:\/\/plsn.eu\/de\/wp-json\/wp\/v2\/pages\/32307","targetHints":{"allow":["GET"]}}],"collection":[{"href":"https:\/\/plsn.eu\/de\/wp-json\/wp\/v2\/pages"}],"about":[{"href":"https:\/\/plsn.eu\/de\/wp-json\/wp\/v2\/types\/page"}],"author":[{"embeddable":true,"href":"https:\/\/plsn.eu\/de\/wp-json\/wp\/v2\/users\/24"}],"replies":[{"embeddable":true,"href":"https:\/\/plsn.eu\/de\/wp-json\/wp\/v2\/comments?post=32307"}],"version-history":[{"count":9,"href":"https:\/\/plsn.eu\/de\/wp-json\/wp\/v2\/pages\/32307\/revisions"}],"predecessor-version":[{"id":34620,"href":"https:\/\/plsn.eu\/de\/wp-json\/wp\/v2\/pages\/32307\/revisions\/34620"}],"up":[{"embeddable":true,"href":"https:\/\/plsn.eu\/de\/wp-json\/wp\/v2\/pages\/31309"}],"wp:featuredmedia":[{"embeddable":true,"href":"https:\/\/plsn.eu\/de\/wp-json\/wp\/v2\/media\/32306"}],"wp:attachment":[{"href":"https:\/\/plsn.eu\/de\/wp-json\/wp\/v2\/media?parent=32307"}],"curies":[{"name":"wp","href":"https:\/\/api.w.org\/{rel}","templated":true}]}}