{"id":32947,"date":"2025-01-08T09:13:47","date_gmt":"2025-01-08T08:13:47","guid":{"rendered":"https:\/\/plsn.eu\/?page_id=32947"},"modified":"2025-02-17T12:04:17","modified_gmt":"2025-02-17T11:04:17","slug":"die-europaeische-territoriale-zusammenarbeit-etz","status":"publish","type":"page","link":"https:\/\/plsn.eu\/de\/kontakt\/die-europaeische-territoriale-zusammenarbeit-etz\/","title":{"rendered":"Nationale Kontrollinstanz"},"content":{"rendered":"\n<h2 class=\"wp-block-heading\"><\/h2>\n\n\n\n<p><\/p>\n\n\n\n<div class=\"wp-block-columns is-layout-flex wp-container-core-columns-is-layout-9d6595d7 wp-block-columns-is-layout-flex\">\n<div class=\"wp-block-column is-layout-flow wp-block-column-is-layout-flow\">\n<div class=\"row\">\n      <div class=\" col-xxl-6 col-xl-6 col-lg-6  col-md-6 main_sec\">\n    <div class=\"main_sec_box\">\n      <div class=\"fun_info_box\" data-punkty-map=\"0\">\n        <div class=\"fun_info_top\">\n          \n          \n        <\/div>\n\n        <div class=\"fun_clr\"><\/div>\n\n        <div class=\"fun_info_all\">\n\n\n        <div class=\"fun_info_left_tel\">\n                      <\/div>\n\n\n          <div class=\"fun_info_right_address\">\n\n                        <div class=\"fun_tel\"><img decoding=\"async\" src=\"https:\/\/plsn.eu\/wp-content\/themes\/fundusze\/assets\/images\/location.png\" class=\"icon\" alt=\"Adresse\"><\/div>\n            <div class=\"fun_tel_new\">S\u00e4chsische Aufbaubank &#8211; F\u00f6rderbank Pirnaische Stra\u00dfe 9, 01069 Dresden<\/div>\n            <div class=\"fun_clr mb-10px\"><\/div>\n            \n                      <\/div>\n        <\/div>\n        <div class=\"fun_clr\"><\/div>\n      <\/div>\n    <\/div>\n  <\/div>\n      <div class=\" col-xxl-6 col-xl-6 col-lg-6  col-md-6 main_sec\">\n    <div class=\"main_sec_box\">\n      <div class=\"fun_info_box\" data-punkty-map=\"1\">\n        <div class=\"fun_info_top\">\n                    <div class=\"fun_event_title1\">Susanne Pf\u00fctzner<\/div>\n          \n          \n        <\/div>\n\n        <div class=\"fun_clr\"><\/div>\n\n        <div class=\"fun_info_all\">\n\n\n        <div class=\"fun_info_left_tel\">\n                        <div class=\"fun_tel\"> <img decoding=\"async\" src=\"https:\/\/plsn.eu\/wp-content\/themes\/fundusze\/assets\/images\/call.png\" class=\"icon\" alt=\"Telefonnummer\"><\/div>\n            <div class=\"fun_tel_new\">\n            <div class=\"w-100\">\n              \n\n                  <a href=\"tel:+49 (0)351 4910 - 4881\">\n                    +49 (0)351 4910 &#8211; 4881                  <\/a>\n                  <br>\n\n\n                              <\/div>\n              <\/div>\n                      <\/div>\n\n\n          <div class=\"fun_info_right_address\">\n\n            \n                        <div class=\"fun_tel\"> <img decoding=\"async\" src=\"https:\/\/plsn.eu\/wp-content\/themes\/fundusze\/assets\/images\/email.png\" class=\"icon\" alt=\"E-Mail-Adresse\"><\/div>\n            <div class=\"fun_tel_new\"><a href=\"mailto:susanne.pfuetzner@sab.sachsen.de\">susanne.pfuetzner@sab.sachsen.de<\/a>\n              <br>\n            <\/div>\n                      <\/div>\n        <\/div>\n        <div class=\"fun_clr\"><\/div>\n      <\/div>\n    <\/div>\n  <\/div>\n      <div class=\" col-xxl-6 col-xl-6 col-lg-6  col-md-6 main_sec\">\n    <div class=\"main_sec_box\">\n      <div class=\"fun_info_box\" data-punkty-map=\"2\">\n        <div class=\"fun_info_top\">\n                    <div class=\"fun_event_title1\">Stefanie Helbig<\/div>\n          \n          \n        <\/div>\n\n        <div class=\"fun_clr\"><\/div>\n\n        <div class=\"fun_info_all\">\n\n\n        <div class=\"fun_info_left_tel\">\n                        <div class=\"fun_tel\"> <img decoding=\"async\" src=\"https:\/\/plsn.eu\/wp-content\/themes\/fundusze\/assets\/images\/call.png\" class=\"icon\" alt=\"Telefonnummer\"><\/div>\n            <div class=\"fun_tel_new\">\n            <div class=\"w-100\">\n              \n\n                  <a href=\"tel:+49 (0)351 4910 - 4885\">\n                    +49 (0)351 4910 &#8211; 4885                  <\/a>\n                  <br>\n\n\n                              <\/div>\n              <\/div>\n                      <\/div>\n\n\n          <div class=\"fun_info_right_address\">\n\n            \n                        <div class=\"fun_tel\"> <img decoding=\"async\" src=\"https:\/\/plsn.eu\/wp-content\/themes\/fundusze\/assets\/images\/email.png\" class=\"icon\" alt=\"E-Mail-Adresse\"><\/div>\n            <div class=\"fun_tel_new\"><a href=\"mailto:stefanie.helbig@sab.sachsen.de\">stefanie.helbig@sab.sachsen.de<\/a>\n              <br>\n            <\/div>\n                      <\/div>\n        <\/div>\n        <div class=\"fun_clr\"><\/div>\n      <\/div>\n    <\/div>\n  <\/div>\n      <div class=\" col-xxl-6 col-xl-6 col-lg-6  col-md-6 main_sec\">\n    <div class=\"main_sec_box\">\n      <div class=\"fun_info_box\" data-punkty-map=\"3\">\n        <div class=\"fun_info_top\">\n                    <div class=\"fun_event_title1\">Stefanie Rietschel<\/div>\n          \n          \n        <\/div>\n\n        <div class=\"fun_clr\"><\/div>\n\n        <div class=\"fun_info_all\">\n\n\n        <div class=\"fun_info_left_tel\">\n                        <div class=\"fun_tel\"> <img decoding=\"async\" src=\"https:\/\/plsn.eu\/wp-content\/themes\/fundusze\/assets\/images\/call.png\" class=\"icon\" alt=\"Telefonnummer\"><\/div>\n            <div class=\"fun_tel_new\">\n            <div class=\"w-100\">\n              \n\n                  <a href=\"tel:+49 (0)351 4910 - 4883\">\n                    +49 (0)351 4910 &#8211; 4883                  <\/a>\n                  <br>\n\n\n                              <\/div>\n              <\/div>\n                      <\/div>\n\n\n          <div class=\"fun_info_right_address\">\n\n            \n                        <div class=\"fun_tel\"> <img decoding=\"async\" src=\"https:\/\/plsn.eu\/wp-content\/themes\/fundusze\/assets\/images\/email.png\" class=\"icon\" alt=\"E-Mail-Adresse\"><\/div>\n            <div class=\"fun_tel_new\"><a href=\"mailto:stefanie.rietschel@sab.sachsen.de\">stefanie.rietschel@sab.sachsen.de<\/a>\n              <br>\n            <\/div>\n                      <\/div>\n        <\/div>\n        <div class=\"fun_clr\"><\/div>\n      <\/div>\n    <\/div>\n  <\/div>\n  <\/div>\n\n\n\n<\/div>\n<\/div>\n\n\n\n<div style=\"height:48px\" aria-hidden=\"true\" class=\"wp-block-spacer\"><\/div>\n\n\n\n<div style=\"height:48px\" aria-hidden=\"true\" class=\"wp-block-spacer\"><\/div>\n\n\n\n<div class=\"wp-block-columns is-layout-flex wp-container-core-columns-is-layout-9d6595d7 wp-block-columns-is-layout-flex\">\n<div class=\"wp-block-column is-layout-flow wp-block-column-is-layout-flow\" style=\"flex-basis:100%\">\n<div class=\"wp-block-columns is-layout-flex wp-container-core-columns-is-layout-9d6595d7 wp-block-columns-is-layout-flex\">\n<div class=\"wp-block-column is-layout-flow wp-block-column-is-layout-flow\" style=\"flex-basis:100%\">\n\n\n\n\n\n\n\n\n\n<\/div>\n<\/div>\n<\/div>\n<\/div>\n\n\n\n<h2 class=\"wp-block-heading\"><\/h2>\n\n\n\n\n\n\n\n<h2 class=\"wp-block-heading\"><\/h2>\n\n\n\n<div class=\"wp-block-columns is-layout-flex wp-container-core-columns-is-layout-9d6595d7 wp-block-columns-is-layout-flex\">\n<div class=\"wp-block-column is-layout-flow wp-block-column-is-layout-flow\"><\/div>\n<\/div>\n\n\n\n<div class=\"wp-block-columns is-layout-flex wp-container-core-columns-is-layout-9d6595d7 wp-block-columns-is-layout-flex\">\n<div class=\"wp-block-column is-layout-flow wp-block-column-is-layout-flow\"><\/div>\n<\/div>\n\n\n\n<div class=\"wp-block-columns is-layout-flex wp-container-core-columns-is-layout-9d6595d7 wp-block-columns-is-layout-flex\">\n<div class=\"wp-block-column is-layout-flow wp-block-column-is-layout-flow\"><\/div>\n<\/div>\n\n\n\n<div style=\"height:48px\" aria-hidden=\"true\" class=\"wp-block-spacer\"><\/div>\n\n\n\n<div class=\"wp-block-columns is-layout-flex wp-container-core-columns-is-layout-9d6595d7 wp-block-columns-is-layout-flex\">\n<div class=\"wp-block-column is-layout-flow wp-block-column-is-layout-flow\">\n\n<\/div>\n\n\n\n<div class=\"wp-block-column is-layout-flow wp-block-column-is-layout-flow\"><\/div>\n<\/div>\n\n\n\n\n\n\n\n<div class=\"wp-block-columns is-layout-flex wp-container-core-columns-is-layout-9d6595d7 wp-block-columns-is-layout-flex\">\n<div class=\"wp-block-column is-layout-flow wp-block-column-is-layout-flow\" style=\"flex-basis:100%\">\n\n\n\n\n\n<\/div>\n<\/div>\n","protected":false},"excerpt":{"rendered":"","protected":false},"author":24,"featured_media":0,"parent":31037,"menu_order":4,"comment_status":"closed","ping_status":"closed","template":"","meta":{"_acf_changed":false,"inline_featured_image":false,"_themeisle_gutenberg_block_has_review":false,"footnotes":"","_links_to":"","_links_to_target":""},"class_list":["post-32947","page","type-page","status-publish","hentry"],"acf":[],"_links":{"self":[{"href":"https:\/\/plsn.eu\/de\/wp-json\/wp\/v2\/pages\/32947","targetHints":{"allow":["GET"]}}],"collection":[{"href":"https:\/\/plsn.eu\/de\/wp-json\/wp\/v2\/pages"}],"about":[{"href":"https:\/\/plsn.eu\/de\/wp-json\/wp\/v2\/types\/page"}],"author":[{"embeddable":true,"href":"https:\/\/plsn.eu\/de\/wp-json\/wp\/v2\/users\/24"}],"replies":[{"embeddable":true,"href":"https:\/\/plsn.eu\/de\/wp-json\/wp\/v2\/comments?post=32947"}],"version-history":[{"count":11,"href":"https:\/\/plsn.eu\/de\/wp-json\/wp\/v2\/pages\/32947\/revisions"}],"predecessor-version":[{"id":34374,"href":"https:\/\/plsn.eu\/de\/wp-json\/wp\/v2\/pages\/32947\/revisions\/34374"}],"up":[{"embeddable":true,"href":"https:\/\/plsn.eu\/de\/wp-json\/wp\/v2\/pages\/31037"}],"wp:attachment":[{"href":"https:\/\/plsn.eu\/de\/wp-json\/wp\/v2\/media?parent=32947"}],"curies":[{"name":"wp","href":"https:\/\/api.w.org\/{rel}","templated":true}]}}