{"id":33992,"date":"2024-12-20T12:20:01","date_gmt":"2024-12-20T11:20:01","guid":{"rendered":"https:\/\/plsn.eu\/cel-projektow-interreg\/"},"modified":"2025-02-21T12:14:21","modified_gmt":"2025-02-21T11:14:21","slug":"was-ist-ziel-der-interreg-projekte","status":"publish","type":"page","link":"https:\/\/plsn.eu\/de\/was-ist-ziel-der-interreg-projekte\/","title":{"rendered":"Was ist das Ziel der Interreg-Projekte"},"content":{"rendered":"\n<ul class=\"wp-block-list\"><\/ul>\n\n\n\n<div class=\"wp-block-columns is-layout-flex wp-container-core-columns-is-layout-9d6595d7 wp-block-columns-is-layout-flex\">\n<div class=\"wp-block-column is-layout-flow wp-block-column-is-layout-flow\" style=\"flex-basis:66.66%\">\n<p>Grenz\u00fcbergreifende Partnerschaftsprojekte <strong>sollten zur L\u00f6sung gemeinsamer Probleme beitragen, gemeinsame Herausforderungen angehen und\/oder L\u00f6sungen<\/strong> in den Bereichen wie Anpassung an den Klimawandel, Tourismus und Kultur, Bildung, Zusammenarbeit zwischen Bewohnern, Institutionen und verschiedenen Organisationen in der polnisch-s\u00e4chsischen Grenzregion<strong> anbieten.<\/strong><\/p>\n\n\n\n<p>Zu den wichtigsten gemeinsamen Herausforderungen <strong>im Umwelt- und Klimabereich <\/strong>z\u00e4hlen:<\/p>\n\n\n\n<ul class=\"wp-block-list\">\n<li>Bew\u00e4ltigung der negativen Folgen des Klimawandels in Form von extremen Wetterereignissen und Naturkatastrophen<\/li>\n\n\n\n<li>Aufhalten der Zerst\u00f6rung nat\u00fcrlicher Umwelt, Bildung sowie Steigerung des Umweltbewusstseins zum pfleglichen Umgang mit Ressourcen zur Erhaltung der Natur und Landschaft f\u00fcr nachfolgende Generationen<\/li>\n<\/ul>\n\n\n\n<p>Zu den wichtigsten gemeinsamen Herausforderungen<strong> im Bereich Natur- und Kulturerbe sowie Tourismus <\/strong>z\u00e4hlen:<\/p>\n\n\n\n<ul class=\"wp-block-list\">\n<li>Schutz, Inwertsetzung und Bewerbung der Natur- und Kulturg\u00fcter (materiell und immateriell) zur Entwicklung des Tourismus und F\u00f6rderung des Wirtschaftswachstums und der sozialen Stabilit\u00e4t des F\u00f6rdergebiets<\/li>\n<\/ul>\n\n\n\n<p>Zu den wichtigsten gemeinsamen Herausforderungen <strong>im Bereich Bildung und Arbeitsmarkt<\/strong> geh\u00f6ren:<\/p>\n\n\n\n<ul class=\"wp-block-list\">\n<li>Wirksame Beantwortung der Bedarfe auf dem grenz\u00fcbergreifenden Arbeitsmarkt<\/li>\n\n\n\n<li>St\u00e4rkung der grenz\u00fcbergreifenden Zusammenarbeit zwischen Arbeitsmarktakteuren und berufsbildenden Schulen<\/li>\n\n\n\n<li>Nutzung der mitunter infolge des Strukturwandels entstehenden Chancen und M\u00f6glichkeiten durch Intensivierung der Wirtschafts-, Wissenschafts- und Bildungskooperation zur Fachkr\u00e4ftesicherung und Verhinderung der Abwanderung junger Menschen aus dem F\u00f6rdergebiet<\/li>\n<\/ul>\n<\/div>\n\n\n\n<div class=\"wp-block-column is-layout-flow wp-block-column-is-layout-flow\" style=\"flex-basis:33.33%\">\n<figure class=\"wp-block-image size-large is-resized\"><img loading=\"lazy\" decoding=\"async\" width=\"350\" height=\"1024\" src=\"https:\/\/plsn.eu\/wp-content\/uploads\/2025\/01\/cel-projektow-2-350x1024.jpg\" alt=\"\" class=\"wp-image-34050\" style=\"width:242px;height:auto\" srcset=\"https:\/\/plsn.eu\/wp-content\/uploads\/2025\/01\/cel-projektow-2-350x1024.jpg 350w, https:\/\/plsn.eu\/wp-content\/uploads\/2025\/01\/cel-projektow-2-525x1536.jpg 525w, https:\/\/plsn.eu\/wp-content\/uploads\/2025\/01\/cel-projektow-2.jpg 602w\" sizes=\"auto, (max-width: 350px) 100vw, 350px\" \/><\/figure>\n<\/div>\n<\/div>\n","protected":false},"excerpt":{"rendered":"<p>Grenz\u00fcbergreifende Partnerschaftsprojekte sollten zur L\u00f6sung gemeinsamer Probleme beitragen, gemeinsame Herausforderungen angehen und\/oder L\u00f6sungen in den Bereichen wie Anpassung an den Klimawandel, Tourismus und Kultur, Bildung, Zusammenarbeit zwischen Bewohnern, Institutionen und verschiedenen Organisationen in der polnisch-s\u00e4chsischen Grenzregion anbieten. Zu den wichtigsten gemeinsamen Herausforderungen im Umwelt- und Klimabereich z\u00e4hlen: Zu den wichtigsten gemeinsamen Herausforderungen im Bereich Natur- [&hellip;]<\/p>\n","protected":false},"author":19,"featured_media":0,"parent":0,"menu_order":0,"comment_status":"closed","ping_status":"closed","template":"page-templates\/template-inner-page.php","meta":{"_acf_changed":false,"inline_featured_image":false,"_themeisle_gutenberg_block_has_review":false,"footnotes":"","_links_to":"","_links_to_target":""},"class_list":["post-33992","page","type-page","status-publish","hentry"],"acf":[],"_links":{"self":[{"href":"https:\/\/plsn.eu\/de\/wp-json\/wp\/v2\/pages\/33992","targetHints":{"allow":["GET"]}}],"collection":[{"href":"https:\/\/plsn.eu\/de\/wp-json\/wp\/v2\/pages"}],"about":[{"href":"https:\/\/plsn.eu\/de\/wp-json\/wp\/v2\/types\/page"}],"author":[{"embeddable":true,"href":"https:\/\/plsn.eu\/de\/wp-json\/wp\/v2\/users\/19"}],"replies":[{"embeddable":true,"href":"https:\/\/plsn.eu\/de\/wp-json\/wp\/v2\/comments?post=33992"}],"version-history":[{"count":10,"href":"https:\/\/plsn.eu\/de\/wp-json\/wp\/v2\/pages\/33992\/revisions"}],"predecessor-version":[{"id":34619,"href":"https:\/\/plsn.eu\/de\/wp-json\/wp\/v2\/pages\/33992\/revisions\/34619"}],"wp:attachment":[{"href":"https:\/\/plsn.eu\/de\/wp-json\/wp\/v2\/media?parent=33992"}],"curies":[{"name":"wp","href":"https:\/\/api.w.org\/{rel}","templated":true}]}}