{"id":33995,"date":"2025-01-21T14:07:42","date_gmt":"2025-01-21T13:07:42","guid":{"rendered":"https:\/\/plsn.eu\/jak-mozemy-pomoc\/"},"modified":"2025-03-20T10:23:25","modified_gmt":"2025-03-20T09:23:25","slug":"wie-konnen-wir-helfen","status":"publish","type":"page","link":"https:\/\/plsn.eu\/de\/wie-konnen-wir-helfen\/","title":{"rendered":"Wie k\u00f6nnen wir helfen"},"content":{"rendered":"\n<p>Wenn Sie Fragen haben, k\u00f6nnen Sie sich gerne <a href=\"https:\/\/plsn.eu\/de\/kontakt\/\">an uns <\/a> wenden: per Telefon oder E-Mail. Wir werden Ihnen gerne Auskunft geben.<\/p>\n\n\n\n<p>Dar\u00fcber hinaus:<\/p>\n\n\n\n<ul class=\"wp-block-list\">\n<li><strong>f\u00fchren wir Beratungen durch<\/strong>: wenn Sie eine Idee f\u00fcr ein Projekt haben &#8211; laden wir Sie zu Beratungen vor Ort im Sitz des GS in Wroc\u0142aw oder online ein, mehr Informationen finden Sie hier: <a href=\"https:\/\/plsn.eu\/de\/vorbereitung-eines-projektantrags-schritte\/\">Beratung<\/a><\/li>\n\n\n\n<li><strong>f\u00fchren wir Informationsveranstaltungen durch<\/strong><\/li>\n\n\n\n<li><strong>f\u00fchren wir Workshops durch<\/strong>:<\/li>\n<\/ul>\n\n\n\n<p><em>f\u00fcr potenzielle Antragsteller<\/em> zur Vorbereitung eines Projektantrags<\/p>\n\n\n\n<p><em>f\u00fcr unsere Beg\u00fcnstigten<\/em> \u00fcber die Durchf\u00fchrung von Projekten mit Beteiligung der Kontrollinstanz<\/p>\n\n\n\n<p>Wir informieren \u00fcber die Termine der Treffen und Workshops auf unserer Website: www.plsn.eu, in dem Reiter: <a href=\"https:\/\/plsn.eu\/de\/aktuelles\/\">Aktuelles<\/a><\/p>\n\n\n\n<p>Sie sind herzlich willkommen!<\/p>\n\n\n\n<figure class=\"wp-block-image size-large is-resized\"><img loading=\"lazy\" decoding=\"async\" width=\"1024\" height=\"682\" src=\"https:\/\/plsn.eu\/wp-content\/uploads\/2025\/01\/contact-us-4193401_1280-1-1024x682.jpg\" alt=\"\" class=\"wp-image-34053\" style=\"width:348px;height:auto\" srcset=\"https:\/\/plsn.eu\/wp-content\/uploads\/2025\/01\/contact-us-4193401_1280-1-1024x682.jpg 1024w, https:\/\/plsn.eu\/wp-content\/uploads\/2025\/01\/contact-us-4193401_1280-1-300x200.jpg 300w, https:\/\/plsn.eu\/wp-content\/uploads\/2025\/01\/contact-us-4193401_1280-1-768x512.jpg 768w, https:\/\/plsn.eu\/wp-content\/uploads\/2025\/01\/contact-us-4193401_1280-1.jpg 1280w\" sizes=\"auto, (max-width: 1024px) 100vw, 1024px\" \/><\/figure>\n","protected":false},"excerpt":{"rendered":"<p>Wenn Sie Fragen haben, k\u00f6nnen Sie sich gerne an uns wenden: per Telefon oder E-Mail. Wir werden Ihnen gerne Auskunft geben. Dar\u00fcber hinaus: f\u00fcr potenzielle Antragsteller zur Vorbereitung eines Projektantrags f\u00fcr unsere Beg\u00fcnstigten \u00fcber die Durchf\u00fchrung von Projekten mit Beteiligung der Kontrollinstanz Wir informieren \u00fcber die Termine der Treffen und Workshops auf unserer Website: www.plsn.eu, [&hellip;]<\/p>\n","protected":false},"author":1,"featured_media":0,"parent":0,"menu_order":0,"comment_status":"closed","ping_status":"closed","template":"","meta":{"_acf_changed":false,"inline_featured_image":false,"_themeisle_gutenberg_block_has_review":false,"footnotes":"","_links_to":"","_links_to_target":""},"class_list":["post-33995","page","type-page","status-publish","hentry"],"acf":[],"_links":{"self":[{"href":"https:\/\/plsn.eu\/de\/wp-json\/wp\/v2\/pages\/33995","targetHints":{"allow":["GET"]}}],"collection":[{"href":"https:\/\/plsn.eu\/de\/wp-json\/wp\/v2\/pages"}],"about":[{"href":"https:\/\/plsn.eu\/de\/wp-json\/wp\/v2\/types\/page"}],"author":[{"embeddable":true,"href":"https:\/\/plsn.eu\/de\/wp-json\/wp\/v2\/users\/1"}],"replies":[{"embeddable":true,"href":"https:\/\/plsn.eu\/de\/wp-json\/wp\/v2\/comments?post=33995"}],"version-history":[{"count":5,"href":"https:\/\/plsn.eu\/de\/wp-json\/wp\/v2\/pages\/33995\/revisions"}],"predecessor-version":[{"id":35071,"href":"https:\/\/plsn.eu\/de\/wp-json\/wp\/v2\/pages\/33995\/revisions\/35071"}],"wp:attachment":[{"href":"https:\/\/plsn.eu\/de\/wp-json\/wp\/v2\/media?parent=33995"}],"curies":[{"name":"wp","href":"https:\/\/api.w.org\/{rel}","templated":true}]}}