{"id":34001,"date":"2025-01-21T14:06:39","date_gmt":"2025-01-21T13:06:39","guid":{"rendered":"https:\/\/plsn.eu\/jak-przygotowac-wniosek-projektowy\/"},"modified":"2025-11-26T14:29:49","modified_gmt":"2025-11-26T13:29:49","slug":"vorbereitung-eines-projektantrags-schritte","status":"publish","type":"page","link":"https:\/\/plsn.eu\/de\/vorbereitung-eines-projektantrags-schritte\/","title":{"rendered":"Antragsvorbereitung \u2013 Schritte"},"content":{"rendered":"\n<div id=\"wp-block-themeisle-blocks-accordion-62d1a329\" class=\"wp-block-themeisle-blocks-accordion exclusive\">\n<details class=\"wp-block-themeisle-blocks-accordion-item\"><summary class=\"wp-block-themeisle-blocks-accordion-item__title\"><div>Projektpartnerschaft<\/div><\/summary><div class=\"wp-block-themeisle-blocks-accordion-item__content\">\n<p>Wenn Sie noch keinen Projektpartner haben, ermutigen wir Sie dazu:<\/p>\n\n\n\n<ul class=\"wp-block-list\">\n<li>sich in unserer Datenbank f\u00fcr die Partnersuche auf unserer Website zu registrieren<\/li>\n\n\n\n<li>Reiter: Aktuelles und Veranstaltungen zu besuchen. Dort finden Sie Informationen \u00fcber unsere Partnerb\u00f6rsen und andere Veranstaltungen.<\/li>\n\n\n\n<li>Nehmen Sie Kontakt mit uns (Gemeinsames Sekretariat) auf. Wir werden versuchen, Ihnen zu helfen!<\/li>\n<\/ul>\n<\/div><\/details>\n\n\n\n<details class=\"wp-block-themeisle-blocks-accordion-item\"><summary class=\"wp-block-themeisle-blocks-accordion-item__title\"><div>Projektidee<\/div><\/summary><div class=\"wp-block-themeisle-blocks-accordion-item__content\">\n<p>Wenn Sie bereits eine Projektidee haben, pr\u00fcfen Sie, ob diese mit den Programmregeln \u00fcbereinstimmt.<\/p>\n\n\n\n<p>Im Programmdokument (siehe unten) finden Sie unter anderem Beschreibung des Programmgebiets, seine Probleme, Herausforderungen und Potenziale. Ein Projekt, das im Rahmen einer grenz\u00fcbergreifenden Partnerschaft durchgef\u00fchrt wird, sollte dazu beitragen, ein Problem des Grenzgebiets zu l\u00f6sen und\/oder sein Potenzial zu entwickeln.<\/p>\n\n\n\n<div data-wp-interactive=\"core\/file\" class=\"wp-block-file\"><object data-wp-bind--hidden=\"!state.hasPdfPreview\" hidden class=\"wp-block-file__embed\" data=\"https:\/\/plsn.eu\/wp-content\/uploads\/2025\/02\/Kooperationsprogramm-Interreg-Polen-Sachsen-2021-2027_final.pdf\" type=\"application\/pdf\" style=\"width:100%;height:600px\" aria-label=\"Einbettung von Kooperationsprogramm Interreg Polen Sachsen 2021 2027 Final.\"><\/object><a id=\"wp-block-file--media-c0077167-317b-4c72-b5b2-66280955f593\" href=\"https:\/\/plsn.eu\/wp-content\/uploads\/2025\/02\/Kooperationsprogramm-Interreg-Polen-Sachsen-2021-2027_final.pdf\">Kooperationsprogramm Interreg Polen Sachsen 2021 2027 Final<\/a><a href=\"https:\/\/plsn.eu\/wp-content\/uploads\/2025\/02\/Kooperationsprogramm-Interreg-Polen-Sachsen-2021-2027_final.pdf\" class=\"wp-block-file__button wp-element-button\" download aria-describedby=\"wp-block-file--media-c0077167-317b-4c72-b5b2-66280955f593\">Pobierz<\/a><\/div>\n\n\n\n<p><\/p>\n<\/div><\/details>\n\n\n\n<details class=\"wp-block-themeisle-blocks-accordion-item\"><summary class=\"wp-block-themeisle-blocks-accordion-item__title\"><div>Beratung<\/div><\/summary><div class=\"wp-block-themeisle-blocks-accordion-item__content\">\n<p>Sie sind herzlich zu <strong>individuellen Beratungen zu PROJEKTIDEEN<\/strong> eingeladen.<\/p>\n\n\n\n<p>Die Beratungen werden Ihnen helfen, einen Projektantrag in \u00dcbereinstimmung mit den Programmregeln auszuarbeiten.<\/p>\n\n\n\n<p>Wir empfehlen zwei Beratungsgespr\u00e4che:<\/p>\n\n\n\n<ul class=\"wp-block-list\">\n<li>In der Anfangsphase der Ausarbeitung der Projektidee &#8211; um sicherzustellen, dass sie mit den Zielen und erwarteten Ergebnissen des Programms \u00fcbereinstimmt<\/li>\n\n\n\n<li>In einem fortgeschrittenen Stadium der Ausarbeitung des Projektantrags (3-4 Wochen vor der Einreichung) &#8211; um festzustellen, welche Punkte erg\u00e4nzt und gekl\u00e4rt werden m\u00fcssen oder um Unterst\u00fctzung bei der Auswahl der Indikatoren zu erhalten,<br><\/li>\n<\/ul>\n\n\n\n<p>Die erwartete Dauer der Beratug betr\u00e4gt maximal eine Stunde.<\/p>\n\n\n\n<p>Wir schlagen zwei Formen von Treffen vor:<\/p>\n\n\n\n<ul class=\"wp-block-list\">\n<li>vor Ort &#8211; in den R\u00e4umlichkeiten des Gemeinsamen Sekretariats in Wroc\u0142aw, ul. \u015aw. Miko\u0142aja 81 (4. Stock)<\/li>\n\n\n\n<li>online \u00fcber die Plattform ZOOM<br><\/li>\n<\/ul>\n\n\n\n<p>Wenn Sie an der Beratung interessiert sind, senden Sie uns bitte eine E-Mail an die E-Mail-Adresse: <a href=\"mailto:kontakt@plsn.eu\">kontakt@plsn.eu<\/a> mit Informationen \u00fcber:<\/p>\n\n\n\n<ul class=\"wp-block-list\">\n<li>die von Ihnen bevorzugte Form der Beratung (vor Ort oder online)<\/li>\n\n\n\n<li>die bevorzugte Sprache des Treffens (Polnisch oder Deutsch)<\/li>\n\n\n\n<li>den vorgeschlagenen Termin (wir sind von Montag bis Freitag von 9:00 bis 15:00 Uhr erreichbar).<\/li>\n<\/ul>\n\n\n\n<p>Nachdem Sie eine E-Mail mit der Best\u00e4tigung des Termins erhalten haben, f\u00fcllen Sie bitte das Formular PROJEKTIDEE (siehe unten) aus und senden es mindestens 2 Werktage vor dem geplanten Treffen an dieselbe E-Mail-Adresse, d. h. an: <a href=\"mailto:kontakt@plsn.eu\">kontakt@plsn.eu<\/a>.<br><a href=\"https:\/\/plsn.eu\/wp-content\/uploads\/2025\/02\/Projektidee-Formular-DE_2021-2027.docx\">Projektkonzept &#8211; Formular<\/a><\/p>\n<\/div><\/details>\n\n\n\n<details class=\"wp-block-themeisle-blocks-accordion-item\"><summary class=\"wp-block-themeisle-blocks-accordion-item__title\"><div>Schulungen<\/div><\/summary><div class=\"wp-block-themeisle-blocks-accordion-item__content\">\n<p>W\u00e4hrend der Calls organisiert das Gemeinsame Sekretariat Workshops f\u00fcr potenzielle Antragsteller zur VORBEREITUNG DES PROJEKTS UND DES PROJEKTANTRAGS.<\/p>\n\n\n\n<p>Informationen dazu werden im Reiter: <a href=\"https:\/\/plsn.eu\/de\/veranstaltungen\/\">Veranstaltungen<\/a> ver\u00f6ffentlicht.<\/p>\n<\/div><\/details>\n\n\n\n<details class=\"wp-block-themeisle-blocks-accordion-item\"><summary class=\"wp-block-themeisle-blocks-accordion-item__title\"><div>Calls<\/div><\/summary><div class=\"wp-block-themeisle-blocks-accordion-item__content\">\n<p>Schauen Sie sich die aktuellen Calls zur Einreichung von Projektantr\u00e4gen an (Link unten), indem Sie die Taste \u201eFortlaufend\u201c anklicken. In jedem Call finden Sie eine Bekanntmachung, in der die Bedingungen des Calls beschrieben sind, sowie ein Antragspaket, d. h. eine Liste von Dokumenten, die zur Einreichung eines Projektantrags erforderliche Vorschriften und Formulare enthalten.<\/p>\n\n\n\n<p><a href=\"https:\/\/plsn.eu\/de\/calls\/\">Calls<\/a><\/p>\n\n\n\n<p>Informationen \u00fcber geplante Calls finden Sie im Zeitplan der Calls.<\/p>\n\n\n\n<p><a href=\"https:\/\/plsn.eu\/de\/fur-den-antragsteller\/zeitplan-der-calls\/\">Zeitplan der Calls<\/a><\/p>\n<\/div><\/details>\n\n\n\n<details class=\"wp-block-themeisle-blocks-accordion-item\"><summary class=\"wp-block-themeisle-blocks-accordion-item__title\"><div>Vorbereitung eines Projektantrags &#8211; technische Hinweise<\/div><\/summary><div class=\"wp-block-themeisle-blocks-accordion-item__content\">\n<p>Die Projektantr\u00e4ge samt den erforderlichen Anlagen sind ausschlie\u00dflich in elektronischer Form in der Anwendung <a href=\"https:\/\/wod.cst2021.gov.pl\/\" rel=\"nofollow noopener\" target=\"_blank\">WOD2021<\/a> (https:\/\/wod.cst2021.gov.pl) zu stellen. Alle Felder im Projektantrag sind in Polnisch und Deutsch auszuf\u00fcllen und die Inhalte m\u00fcssen in beiden Sprachen identisch sein. Dem Projektantrag sind Anlagen gem\u00e4\u00df der <a href=\"https:\/\/plsn.eu\/wp-content\/uploads\/2025\/03\/Auflistung-der-erforderlichen-Anlagen-zum-Projektantrag_31.03.2025.pdf\">Auflistung der erforderlichen Anlagen zum Projektantrag im Kooperationsprogramm Interreg Polen \u2013 Sachsen 2021-2027 <\/a>als Dateien beizulegen.<\/p>\n\n\n\n<p><br>Falls Sie Unterst\u00fctzung bei der Verwendung von WOD2021 ben\u00f6tigen oder Fehler in der Anwendung WOD2021 melden m\u00f6chten, wenden Sie sich bitte an <a href=\"mailto:ami.plsn@plsn.eu\">ami.plsn@plsn.eu<\/a> oder <a href=\"mailto:kontakt@plsn.eu\">kontakt@plsn.eu<\/a>.<\/p>\n\n\n\n<p>Klicken Sie, um sich Anleitungen und\/ oder die Anwendung WoD anzuschauen: <\/p>\n\n\n\n<p><a href=\"https:\/\/plsn.eu\/de\/fur-den-antragsteller\/antragstellung-tool-wod\/\">Anleitung WoD<\/a> &#8211; Anleitungen<\/p>\n\n\n\n<p><a href=\"https:\/\/wod.cst2021.gov.pl\/\" rel=\"nofollow noopener\" target=\"_blank\">Anleitung WoD<\/a> &#8211; Link<\/p>\n\n\n\n<p>Poni\u017cej prezentujemy wz\u00f3r wniosku o dofinansowanie:<\/p>\n\n\n\n<p>Muster des Projektantrags (f\u00fcr den spezifischen Ziel 2.2):<\/p>\n\n\n\n<div data-wp-interactive=\"core\/file\" class=\"wp-block-file\"><object data-wp-bind--hidden=\"!state.hasPdfPreview\" hidden class=\"wp-block-file__embed\" data=\"https:\/\/plsn.eu\/wp-content\/uploads\/2025\/03\/2.2-Muster-des-Projektantrags_31.03.2025.pdf\" type=\"application\/pdf\" style=\"width:100%;height:600px\" aria-label=\"Einbettung von 2.2 Muster des Projektantrags 31.03.2025.\"><\/object><a id=\"wp-block-file--media-25b55e2b-621a-4a80-a8bc-1349dbf8cf83\" href=\"https:\/\/plsn.eu\/wp-content\/uploads\/2025\/03\/2.2-Muster-des-Projektantrags_31.03.2025.pdf\">2.2 Muster des Projektantrags 31.03.2025<\/a><a href=\"https:\/\/plsn.eu\/wp-content\/uploads\/2025\/03\/2.2-Muster-des-Projektantrags_31.03.2025.pdf\" class=\"wp-block-file__button wp-element-button\" aria-describedby=\"wp-block-file--media-25b55e2b-621a-4a80-a8bc-1349dbf8cf83\" download>Pobierz<\/a><\/div>\n<\/div><\/details>\n\n\n\n<details class=\"wp-block-themeisle-blocks-accordion-item\"><summary class=\"wp-block-themeisle-blocks-accordion-item__title\"><div>Checkliste zum Projektantrag<\/div><\/summary><div class=\"wp-block-themeisle-blocks-accordion-item__content\">\n<div data-wp-interactive=\"core\/file\" class=\"wp-block-file\"><object data-wp-bind--hidden=\"!state.hasPdfPreview\" hidden class=\"wp-block-file__embed\" data=\"https:\/\/plsn.eu\/wp-content\/uploads\/2025\/03\/Checkliste-zum-Projektantrag_31.03.2025.pdf\" type=\"application\/pdf\" style=\"width:100%;height:600px\" aria-label=\"Einbettung von Checkliste zum Projektantrag 31.03.2025.\"><\/object><a id=\"wp-block-file--media-9ad450ec-d151-4990-b8d0-1718ceb29a6f\" href=\"https:\/\/plsn.eu\/wp-content\/uploads\/2025\/03\/Checkliste-zum-Projektantrag_31.03.2025.pdf\">Checkliste zum Projektantrag 31.03.2025<\/a><a href=\"https:\/\/plsn.eu\/wp-content\/uploads\/2025\/03\/Checkliste-zum-Projektantrag_31.03.2025.pdf\" class=\"wp-block-file__button wp-element-button\" aria-describedby=\"wp-block-file--media-9ad450ec-d151-4990-b8d0-1718ceb29a6f\" download>Pobierz<\/a><\/div>\n<\/div><\/details>\n<\/div>\n","protected":false},"excerpt":{"rendered":"","protected":false},"author":1,"featured_media":0,"parent":0,"menu_order":0,"comment_status":"closed","ping_status":"closed","template":"","meta":{"_acf_changed":false,"inline_featured_image":false,"_themeisle_gutenberg_block_has_review":false,"footnotes":"","_links_to":"","_links_to_target":""},"class_list":["post-34001","page","type-page","status-publish","hentry"],"acf":[],"_links":{"self":[{"href":"https:\/\/plsn.eu\/de\/wp-json\/wp\/v2\/pages\/34001","targetHints":{"allow":["GET"]}}],"collection":[{"href":"https:\/\/plsn.eu\/de\/wp-json\/wp\/v2\/pages"}],"about":[{"href":"https:\/\/plsn.eu\/de\/wp-json\/wp\/v2\/types\/page"}],"author":[{"embeddable":true,"href":"https:\/\/plsn.eu\/de\/wp-json\/wp\/v2\/users\/1"}],"replies":[{"embeddable":true,"href":"https:\/\/plsn.eu\/de\/wp-json\/wp\/v2\/comments?post=34001"}],"version-history":[{"count":18,"href":"https:\/\/plsn.eu\/de\/wp-json\/wp\/v2\/pages\/34001\/revisions"}],"predecessor-version":[{"id":38522,"href":"https:\/\/plsn.eu\/de\/wp-json\/wp\/v2\/pages\/34001\/revisions\/38522"}],"wp:attachment":[{"href":"https:\/\/plsn.eu\/de\/wp-json\/wp\/v2\/media?parent=34001"}],"curies":[{"name":"wp","href":"https:\/\/api.w.org\/{rel}","templated":true}]}}