{"id":36887,"date":"2025-07-01T10:11:42","date_gmt":"2025-07-01T08:11:42","guid":{"rendered":"https:\/\/plsn.eu\/?page_id=36887"},"modified":"2025-10-24T08:56:37","modified_gmt":"2025-10-24T06:56:37","slug":"indirekte-staatliche-beihilfe","status":"publish","type":"page","link":"https:\/\/plsn.eu\/de\/fur-den-begunstigten\/staatliche-beihilfen\/indirekte-staatliche-beihilfe\/","title":{"rendered":"Indirekte staatliche Beihilfe"},"content":{"rendered":"\n<p><mark style=\"background-color:rgba(0, 0, 0, 0)\" class=\"has-inline-color has-vivid-cyan-blue-color\">Indirekte staatliche Beihilfe<\/mark> (oder staatliche Beihilfe der zweiten Ebene) liegt vor, wenn der Endbeg\u00fcnstigte der Unterst\u00fctzung aus den Programmmitteln nicht der Lead-Partner (Projektpartner) ist, sondern eine dritte Einrichtung, die eine wirtschaftliche T\u00e4tigkeit aus\u00fcbt. Der Lead-Partner (Projektpartner) ist dann die Einrichtung, die die Hilfe leistet und der Endempf\u00e4nger ist eine dritte Einrichtung. Bei der dritten Stelle kann es sich beispielsweise um den Projektteilnehmer handeln.<\/p>\n\n\n\n<p>Im Programm k\u00f6nnen indirekte staatliche Beihilfen gem\u00e4\u00df Artikel 20a AGVO in regul\u00e4ren Projekten sowie De-minimis-Beihilfen im Kleinprojektefonds (siehe Programmhandbuch, Kapitel VII.2.7 Staatliche Beihilfen in Kleinprojekten) gew\u00e4hrt werden.<\/p>\n\n\n\n<p>F\u00fcr indirekte Beihilfen gem\u00e4\u00df Artikel 20a AGVO besteht keine Meldepflicht gegen\u00fcber der Europ\u00e4ischen Kommission. Die l\u00e4nderspezifischen Vorschriften k\u00f6nnen jedoch eine Informationspflicht\/ Berichterstattung durch Projektpartner \u00fcber die gem\u00e4\u00df Artikel 20a AGVO 158 gew\u00e4hrten Beihilfen oder \u00fcber die gew\u00e4hrten De-minimis-Beihilfen vorschreiben. In einem solchen Fall meldet der Projektpartner die gew\u00e4hrte Beihilfe z. B. in einem nationalen IT-System.<\/p>\n\n\n\n<p><strong>Die polnischen Projektpartner<\/strong> sollten:<\/p>\n\n\n\n<p>&#8211; die Informationsbl\u00e4tter zur Beantragung von Nicht-De-minimis Beihilfen bei den Endempf\u00e4ngern abholen (auf der Website des Programms verf\u00fcgbar)<\/p>\n\n\n\n<p>&#8211; die Informationen \u00fcber die gew\u00e4hrte Beihilfe in der Anwendung SHRIMP eintragen<\/p>\n\n\n\n<p>Im Rahmen des Projektfortschrittsberichts \u00fcbermitteln die Projektpartner Informationen \u00fcber die indirekte staatliche Beihilfe im sachlichen Projektfortschritt. Diese werden durch die nationale Kontrollinstanz gepr\u00fcft.<\/p>\n\n\n\n<p><strong>F\u00fcr deutsche Projektpartner<\/strong> besteht gem\u00e4\u00df den nationalen Vorschriften keine Pflicht zur Information\/Berichterstattung \u00fcber die gew\u00e4hrte Beihilfe mittels eines zentralen IT-Systems.<\/p>\n\n\n\n<p>Im Rahmen des Projektfortschrittberichtes \u00fcbermitteln die Projektpartner Informationen \u00fcber die gew\u00e4hrte indirekte Beihilfe im sachlichen Projektfortschritt. Diese werden durch die nationale Kontrollinstanz gepr\u00fcft. <\/p>\n\n\n\n<p><strong>Die Lead-Partner nehmen diese Informationen \u00fcber gew\u00e4hrte indirekte Beihilfen der Projektpartner entsprechend in die Auszahlungsantr\u00e4ge, die im CST2021 an das GS gestellt werden, auf. <\/strong><\/p>\n\n\n\n<p><strong>Die Hinweise im Handbuch &#8222;staatliche Beihilfe&#8220; sind zu beachten.<\/strong><\/p>\n\n\n\n<div data-wp-interactive=\"core\/file\" class=\"wp-block-file\"><object data-wp-bind--hidden=\"!state.hasPdfPreview\" hidden class=\"wp-block-file__embed\" data=\"https:\/\/plsn.eu\/wp-content\/uploads\/2025\/10\/HANDBUCH-Staatliche-Beihilfe_2024.pdf\" type=\"application\/pdf\" style=\"width:100%;height:600px\" aria-label=\"Einbettung von HANDBUCH Staatliche Beihilfe 2024.\"><\/object><a id=\"wp-block-file--media-223b8f97-a79e-433f-a140-5ba4e2ccb58a\" href=\"https:\/\/plsn.eu\/wp-content\/uploads\/2025\/10\/HANDBUCH-Staatliche-Beihilfe_2024.pdf\">HANDBUCH Staatliche Beihilfe 2024<\/a><a href=\"https:\/\/plsn.eu\/wp-content\/uploads\/2025\/10\/HANDBUCH-Staatliche-Beihilfe_2024.pdf\" class=\"wp-block-file__button wp-element-button\" download aria-describedby=\"wp-block-file--media-223b8f97-a79e-433f-a140-5ba4e2ccb58a\">Pobierz<\/a><\/div>\n\n\n\n<p>Siehe auch<\/p>\n\n\n<ul class=\"subpages-list__btns js_random-subpages wp-block-page-list\"><li class=\"wp-block-pages-list__item\"><a class=\"wp-block-pages-list__item__link\" href=\"https:\/\/plsn.eu\/de\/fur-den-begunstigten\/staatliche-beihilfen\/was-sind-staatliche-beihilfen\/\">Was ist staatliche Beihilfe?<\/a><\/li><li class=\"wp-block-pages-list__item\"><a class=\"wp-block-pages-list__item__link\" href=\"https:\/\/plsn.eu\/de\/fur-den-begunstigten\/staatliche-beihilfen\/indirekte-staatliche-beihilfe\/\">Indirekte staatliche Beihilfe<\/a><\/li><li class=\"wp-block-pages-list__item\"><a class=\"wp-block-pages-list__item__link\" href=\"https:\/\/plsn.eu\/de\/fur-den-begunstigten\/staatliche-beihilfen\/direkte-de-minimis-beihilfen\/\">\u00c4nderungen der Verordnung zur Feststellung der Vereinbarkeit bestimmter Gruppen von Beihilfen<\/a><\/li><\/ul>\n\n\n<p><\/p>\n","protected":false},"excerpt":{"rendered":"<p>Indirekte staatliche Beihilfe (oder staatliche Beihilfe der zweiten Ebene) liegt vor, wenn der Endbeg\u00fcnstigte der Unterst\u00fctzung aus den Programmmitteln nicht der Lead-Partner (Projektpartner) ist, sondern eine dritte Einrichtung, die eine wirtschaftliche T\u00e4tigkeit aus\u00fcbt. Der Lead-Partner (Projektpartner) ist dann die Einrichtung, die die Hilfe leistet und der Endempf\u00e4nger ist eine dritte Einrichtung. Bei der dritten Stelle [&hellip;]<\/p>\n","protected":false},"author":24,"featured_media":0,"parent":30914,"menu_order":2,"comment_status":"closed","ping_status":"closed","template":"page-templates\/template-content-center.php","meta":{"_acf_changed":false,"inline_featured_image":false,"_themeisle_gutenberg_block_has_review":false,"footnotes":"","_links_to":"","_links_to_target":""},"class_list":["post-36887","page","type-page","status-publish","hentry"],"acf":[],"_links":{"self":[{"href":"https:\/\/plsn.eu\/de\/wp-json\/wp\/v2\/pages\/36887","targetHints":{"allow":["GET"]}}],"collection":[{"href":"https:\/\/plsn.eu\/de\/wp-json\/wp\/v2\/pages"}],"about":[{"href":"https:\/\/plsn.eu\/de\/wp-json\/wp\/v2\/types\/page"}],"author":[{"embeddable":true,"href":"https:\/\/plsn.eu\/de\/wp-json\/wp\/v2\/users\/24"}],"replies":[{"embeddable":true,"href":"https:\/\/plsn.eu\/de\/wp-json\/wp\/v2\/comments?post=36887"}],"version-history":[{"count":7,"href":"https:\/\/plsn.eu\/de\/wp-json\/wp\/v2\/pages\/36887\/revisions"}],"predecessor-version":[{"id":38078,"href":"https:\/\/plsn.eu\/de\/wp-json\/wp\/v2\/pages\/36887\/revisions\/38078"}],"up":[{"embeddable":true,"href":"https:\/\/plsn.eu\/de\/wp-json\/wp\/v2\/pages\/30914"}],"wp:attachment":[{"href":"https:\/\/plsn.eu\/de\/wp-json\/wp\/v2\/media?parent=36887"}],"curies":[{"name":"wp","href":"https:\/\/api.w.org\/{rel}","templated":true}]}}