{"id":39918,"date":"2026-05-09T07:06:44","date_gmt":"2026-05-09T05:06:44","guid":{"rendered":"https:\/\/plsn.eu\/?page_id=39918"},"modified":"2026-05-09T07:35:34","modified_gmt":"2026-05-09T05:35:34","slug":"wettbewerbsordnung-des-selfie-wettbewerbs-focusinterreg-aus-anlass-des-interreg-cooperation-days-2026","status":"publish","type":"page","link":"https:\/\/plsn.eu\/de\/wettbewerbsordnung-des-selfie-wettbewerbs-focusinterreg-aus-anlass-des-interreg-cooperation-days-2026\/","title":{"rendered":"Wettbewerbsordnung des Selfie-Wettbewerbs #FocusInterreg aus Anlass des Interreg Cooperation Days 2026"},"content":{"rendered":"\n<p><\/p>\n\n\n\n<p><strong>\u00a71 Veranstalter und Ziel des Wettbewerbs<\/strong><\/p>\n\n\n\n<ol class=\"wp-block-list\">\n<li>Der Veranstalter des <strong>Selfi-Wettbewerbs<\/strong><strong> #FocusInterreg <\/strong>ist das Gemeinsame Sekretariat des <strong>Kooperationsprogramms Interreg Polen \u2013 Sachsen 2021-2027<\/strong> (nachfolgend \u201eKooperationsprogramm\u201c genannt).<\/li>\n\n\n\n<li>Ziel des Wettbewerbs ist es, ein kreatives Selfie zu erstellen, mit dem das Kooperationsprogramm sichtbar wird und sein grenz\u00fcberschreitender Charakter zum Ausdruck kommt, und \u00fcber Social Media zu ver\u00f6ffentlichen.<\/li>\n\n\n\n<li>Der Selfi-Wettbewerb ist Teil einer gemeinsamen Kommunikationsaktion der drei deutsch-polnischen Interreg-Programme. In den Interreg-Programmen Brandenburg \u2013 Polska und Polska \u2013 Sachsen findet im gleichen Zeitraum ebenfalls ein Foto-Wettbewerb unter demselben Motto statt. F\u00fcr die Teilnahme gelten die Wettbewerbsbedingungen des jeweiligen Programms.<\/li>\n<\/ol>\n\n\n\n<p><strong>\u00a7 2 Teilnahmebedingungen<\/strong><\/p>\n\n\n\n<ol class=\"wp-block-list\">\n<li>Wettbewerbszeitraum: vom 9. Mai bis zum 31. August 2026.<\/li>\n\n\n\n<li>Der Wettbewerb richtet sich an alle Personen ab 14 Jahren und unabh\u00e4ngig vom Wohnort.<\/li>\n\n\n\n<li>Von der Teilnahme ausgeschlossen sind Mitarbeiter des Veranstalters sowie deren Angeh\u00f6rige.<\/li>\n\n\n\n<li>Die Teilnahme am Wettbewerb ist kostenlos.<\/li>\n\n\n\n<li>Jeder Teilnehmer darf <strong>nur ein Selfie<\/strong> einreichen.<\/li>\n\n\n\n<li>Das Selfie muss einen erkennbaren Bezug zum Kooperationsprogramm haben (z. B. durch Bezug zu gef\u00f6rderten Projekten, Veranstaltungen, Logos, Grenzregion, europ\u00e4ischer Zusammenarbeit etc.).<\/li>\n\n\n\n<li>Das Selfie muss vom Teilnehmer selbst aufgenommen worden sein. Das Foto darf keine Rechte Dritter verletzen. Erkennbar abgebildete Personen m\u00fcssen mit der Ver\u00f6ffentlichung einverstanden sein.<\/li>\n\n\n\n<li>Das Selfie muss im eigenen Facebook-Profil ver\u00f6ffentlicht werden.<\/li>\n\n\n\n<li>Im Beitrag sollte mindestens informiert werden, wo das Bild entstanden ist.<\/li>\n\n\n\n<li>Der Beitrag muss mit dem offiziellen Hashtag versehen werden: <strong>#FocusInterreg<\/strong><\/li>\n\n\n\n<li>Der jeweilige Facebook-Profile des Programms muss getaggt werden: <a href=\"https:\/\/www.facebook.com\/profile.php?id=100064929397212#\" rel=\"nofollow noopener\" target=\"_blank\">https:\/\/www.facebook.com\/profile.php?id=100064929397212#<\/a><\/li>\n\n\n\n<li>Mit der Ver\u00f6ffentlichung des Selfies erkennt der Teilnehmer diese Wettbewerbsordnung als verbindlich an.<\/li>\n\n\n\n<li>Potentielle Gewinner k\u00f6nnen vom Gemeinsamen Sekretariat \u00fcber ihr Social Media Profil kontaktiert werden, um Fragen zur Teilnahme zu kl\u00e4ren (z.B. Zustimmung eines Erziehungsberechtigten bei Teilnahme eines Minderj\u00e4hrigen, Urheber des Bilds).<\/li>\n\n\n\n<li>Ansprechpartnerin im Gemeinsamen Sekretariat: Anna Gibek, Tel. +48\u00a0782\u00a0110 237, E-Mail: <a href=\"mailto:anna.gibek@plsn.eu\">anna.gibek@plsn.eu<\/a><\/li>\n<\/ol>\n\n\n\n<p><strong>\u00a7 3 Wettbewerbsjury<\/strong><\/p>\n\n\n\n<ol class=\"wp-block-list\">\n<li>Die Gewinner werden von einer durch den Veranstalter berufenen Jury ausgew\u00e4hlt, die sich aus Vertretern verschiedener Programminstitutionen zusammensetzt.<\/li>\n\n\n\n<li>Die Wettbewerbsjury bewertet nur Beitr\u00e4ge, die die Teilnahmebedingungen (\u00a7 2) erf\u00fcllen.<\/li>\n\n\n\n<li>Inhaltliche Bewertungskriterien:<\/li>\n\n\n\n<li>Kreativit\u00e4t und Originalit\u00e4t des Beitrags,<\/li>\n\n\n\n<li>Sichtbarkeit und Bezug zum Kooperationsprogramm,<\/li>\n\n\n\n<li>Aussagekraft in Bezug auf die grenz\u00fcberschreitende Zusammenarbeit,<\/li>\n\n\n\n<li>Bildqualit\u00e4t und Gesamteindruck.<\/li>\n\n\n\n<li>Die Sitzung der Wettbewerbsjury ist nicht \u00f6ffentlich. Die Entscheidungen der Wettbewerbsjury sind endg\u00fcltig und k\u00f6nnen nicht angefochten werden. Der Rechtsweg ist ausgeschlossen.<\/li>\n\n\n\n<li>Die Gewinner werden \u00fcber ihr Social Media Profil \u00fcber die Entscheidung der Jury informiert.<\/li>\n<\/ol>\n\n\n\n<p><strong>\u00a7 4 Preise und Auszeichnungen<\/strong><\/p>\n\n\n\n<ol class=\"wp-block-list\">\n<li>Die Gewinner werden mit Urkunden und Sachpreisen aus dem Kooperationsprogramm ausgezeichnet.<\/li>\n\n\n\n<li>Die Gewinner des Wettbewerbs werden im Rahmen der \u00d6ffentlichkeitsarbeit des Programms ver\u00f6ffentlicht, u.a.: <br>&#8211; auf der Programm-Webseite: <a href=\"https:\/\/plsn.eu\">https:\/\/plsn.eu<\/a> <br>&#8211; und auf dem Facebook-Profil des Kooperationsprogramms.<br>&#8211; ggf. auf Social-Media-Kan\u00e4len der deutsch-polnischen Interreg-Programme Mecklenburg Vorpommern \/ Brandenburg \/ Polska und Brandenburg \u2013 Polska,<br>&#8211; ggf. Informationskan\u00e4le von Interact (Organisator des Interreg Cooperation Day) und der Europ\u00e4ischen Kommission.<\/li>\n<\/ol>\n\n\n\n<p><strong>\u00a7 5 Schlussbestimmungen<\/strong><\/p>\n\n\n\n<ol class=\"wp-block-list\">\n<li>Der Veranstalter beh\u00e4lt sich das Recht vor, den Wettbewerb aus wichtigem Grund zu \u00e4ndern, zu verl\u00e4ngern oder abzubrechen.<\/li>\n\n\n\n<li>\u00dcber alle \u00c4nderungen, die mit dem Wettbewerb zusammenh\u00e4ngen, wird auf der Programm-Webseite <a href=\"https:\/\/plsn.eu\">https:\/\/plsn.eu<\/a> informiert.<\/li>\n\n\n\n<li>Die endg\u00fcltige Interpretation der Wettbewerbsordnung obliegt dem Veranstalter.<\/li>\n<\/ol>\n","protected":false},"excerpt":{"rendered":"<p>\u00a71 Veranstalter und Ziel des Wettbewerbs \u00a7 2 Teilnahmebedingungen \u00a7 3 Wettbewerbsjury \u00a7 4 Preise und Auszeichnungen \u00a7 5 Schlussbestimmungen<\/p>\n","protected":false},"author":22,"featured_media":0,"parent":0,"menu_order":0,"comment_status":"closed","ping_status":"closed","template":"","meta":{"_acf_changed":false,"inline_featured_image":false,"_themeisle_gutenberg_block_has_review":false,"footnotes":"","_links_to":"","_links_to_target":""},"class_list":["post-39918","page","type-page","status-publish","hentry"],"acf":[],"_links":{"self":[{"href":"https:\/\/plsn.eu\/de\/wp-json\/wp\/v2\/pages\/39918","targetHints":{"allow":["GET"]}}],"collection":[{"href":"https:\/\/plsn.eu\/de\/wp-json\/wp\/v2\/pages"}],"about":[{"href":"https:\/\/plsn.eu\/de\/wp-json\/wp\/v2\/types\/page"}],"author":[{"embeddable":true,"href":"https:\/\/plsn.eu\/de\/wp-json\/wp\/v2\/users\/22"}],"replies":[{"embeddable":true,"href":"https:\/\/plsn.eu\/de\/wp-json\/wp\/v2\/comments?post=39918"}],"version-history":[{"count":3,"href":"https:\/\/plsn.eu\/de\/wp-json\/wp\/v2\/pages\/39918\/revisions"}],"predecessor-version":[{"id":39922,"href":"https:\/\/plsn.eu\/de\/wp-json\/wp\/v2\/pages\/39918\/revisions\/39922"}],"wp:attachment":[{"href":"https:\/\/plsn.eu\/de\/wp-json\/wp\/v2\/media?parent=39918"}],"curies":[{"name":"wp","href":"https:\/\/api.w.org\/{rel}","templated":true}]}}